{"id":236,"date":"2021-04-05T09:16:58","date_gmt":"2021-04-05T12:16:58","guid":{"rendered":"http:\/\/observa.campinagrande.br\/?page_id=236"},"modified":"2021-07-26T12:51:01","modified_gmt":"2021-07-26T15:51:01","slug":"observaeconomico","status":"publish","type":"page","link":"https:\/\/observa.campinagrande.br\/index.php\/observaeconomico\/","title":{"rendered":"Observat\u00f3rio Econ\u00f4mico"},"content":{"rendered":"<div id='av_section_1'  class='avia-section main_color avia-section-default avia-no-border-styling  av-section-color-overlay-active avia-bg-style-scroll  avia-builder-el-0  el_before_av_one_full  avia-builder-el-first   av-minimum-height av-minimum-height-custom  av-section-with-video-bg container_wrap sidebar_right' style=' '   data-section-video-ratio='16:9'><div   data-size='featured'  data-lightbox_size='large'  data-animation='slide'  data-conditional_play=''  data-ids=''  data-video_counter='1'  data-autoplay='false'  data-bg_slider='false'  data-slide_height=''  data-handle=''  data-interval='5'  data-class=' av-section-video-bg'  data-el_id=''  data-css_id=''  data-scroll_down=''  data-control_layout=''  data-custom_markup=''  data-perma_caption=''  data-autoplay_stopper=''  data-image_attachment=''  data-min_height='0px'  data-lazy_loading='disabled'  data-default-height='28.6666666667'  class='avia-slideshow avia-slideshow-1  av-default-height-applied avia-slideshow-featured   av-section-video-bg avia-slide-slider '  itemprop=\"image\" itemscope=\"itemscope\" itemtype=\"https:\/\/schema.org\/ImageObject\" ><ul class='avia-slideshow-inner ' style='padding-bottom: 28.6666666667%;' ><li  data-controls='disabled' data-mute='aviaTBaviaTBvideo_mute' data-loop='1' data-disable-autoplay=''  data-video-ratio='3.48837209302' class=' av-video-slide  av-video-service-vimeo  av-hide-video-controls av-mute-video av-loop-video av-single-slide slide-1 ' ><div data-rel='slideshow-1' class='avia-slide-wrap '   ><div class='av-click-overlay'><\/div><div class='mejs-mediaelement'><div data-src='\/\/player.vimeo.com\/video\/579461520?portrait=0&#038;byline=0&#038;title=0&#038;badge=0&#038;loop=1&#038;autopause=0&#038;api=1&#038;rel=0&#038;player_id=player_236_510653902_1693122251&#038;color=719430' data-original_url='https:\/\/vimeo.com\/579461520' height='1600' width='900' class='av_vimeo_frame' id='player_236_510653902_1693122251'><\/div><\/div><div class='av-click-to-play-overlay'><div class=\"avia_playpause_icon\"><\/div><\/div><\/div><\/li><\/ul><\/div><div class='av-section-color-overlay-wrap'><div class='av-section-color-overlay' style='opacity: 0.5; background-color: #000000; '><\/div><div class='container' style='height:250px'><main  role=\"main\" itemprop=\"mainContentOfPage\"  class='template-page content  av-content-small alpha units'><div class='post-entry post-entry-type-page post-entry-236'><div class='entry-content-wrapper clearfix'>\n<div class=\"flex_column av_one_full  flex_column_div av-zero-column-padding first  avia-builder-el-1  avia-builder-el-no-sibling  \" style='border-radius:0px; '><p><div   class='hr hr-default   avia-builder-el-2  el_before_av_heading  avia-builder-el-first '><span class='hr-inner ' ><span class='hr-inner-style'><\/span><\/span><\/div><br \/>\n<div  style='padding-bottom:10px; color:#ffffff;' class='av-special-heading av-special-heading-h2 custom-color-heading blockquote modern-quote  avia-builder-el-3  el_after_av_hr  avia-builder-el-last  '><h2 class='av-special-heading-tag '  itemprop=\"headline\"  >Observat\u00f3rio Econ\u00f4mico de Campina Grande<\/h2><div class='special-heading-border'><div class='special-heading-inner-border' style='border-color:#ffffff'><\/div><\/div><\/div><\/p><\/div>\n<\/div><\/div><\/main><!-- close content main element --><\/div><\/div><\/div><div id='after_section_1'  class='main_color av_default_container_wrap container_wrap sidebar_right' style=' '  ><div class='container' ><div class='template-page content  av-content-small alpha units'><div class='post-entry post-entry-type-page post-entry-236'><div class='entry-content-wrapper clearfix'>\n<div class=\"flex_column av_one_full  flex_column_div av-zero-column-padding first  avia-builder-el-4  el_after_av_section  el_before_av_one_full  avia-builder-el-first  \" style='border-radius:0px; '><section class=\"av_textblock_section \"  itemscope=\"itemscope\" itemtype=\"https:\/\/schema.org\/CreativeWork\" ><div class='avia_textblock  '   itemprop=\"text\" ><h1 style=\"text-align: center;\"><span style=\"color: #808000; font-size: 24pt; font-family: Arial, Helvetica, sans-serif;\">DADOS SOCIOECON\u00d4MICOS MUNICIPAL<\/span><\/h1>\n<p style=\"text-align: center;\"><span style=\"font-family: Arial, Helvetica, sans-serif; font-size: 14pt;\">Veja abaixo os dados do datapedia que cont\u00e9m informa\u00e7\u00f5es sobre o Brasil e o mundo, se atualize com as principais informa\u00e7\u00f5es.<\/span><\/p>\n<\/div><\/section><\/div>\n<div class=\"flex_column av_one_full  flex_column_div av-zero-column-padding first  avia-builder-el-6  el_after_av_one_full  el_before_av_codeblock  column-top-margin\" style='border-radius:0px; '><\/div>\n\n<div class=\"flex_column av_one_full  flex_column_div av-zero-column-padding first  avia-builder-el-8  el_after_av_codeblock  el_before_av_one_full  \" style='border-radius:0px; '><\/div>\n<div class=\"flex_column av_one_full  flex_column_div av-zero-column-padding first  avia-builder-el-9  el_after_av_one_full  el_before_av_one_half  column-top-margin\" style='border-radius:0px; '><section class=\"av_textblock_section \"  itemscope=\"itemscope\" itemtype=\"https:\/\/schema.org\/CreativeWork\" ><div class='avia_textblock  '   itemprop=\"text\" ><h1 style=\"text-align: center;\"><span style=\"color: #808000; font-size: 24pt; font-family: Arial, Helvetica, sans-serif;\">DADOS DE EMPREGO E TURISMO<\/span><\/h1>\n<p style=\"text-align: center;\"><span style=\"font-size: 14pt;\"><span style=\"font-family: Arial, Helvetica, sans-serif;\">Os dados abaixo demonstram a evolu\u00e7\u00e3o de componentes de emprego, renda e turismo no munic\u00edpio de Campina grande dados fornecidos pela secretaria municipal de desenvolvimento econ\u00f4mico.<\/span><\/span><\/p>\n<\/div><\/section><\/div>\n<div class=\"flex_column av_one_half  flex_column_div av-zero-column-padding first  avia-builder-el-11  el_after_av_one_full  el_before_av_one_half  column-top-margin\" style='border-radius:0px; '><div  style='padding-bottom:10px; color:#000000;' class='av-special-heading av-special-heading-h3 custom-color-heading blockquote modern-quote modern-right  avia-builder-el-12  avia-builder-el-no-sibling  '><h3 class='av-special-heading-tag '  itemprop=\"headline\"  >Baixe ao lado, o arquivo com todos os dados abertos do Observat\u00f3rio Econ\u00f4mico <\/h3><div class='special-heading-border'><div class='special-heading-inner-border' style='border-color:#000000'><\/div><\/div><\/div><\/div>\n<div class=\"flex_column av_one_half  flex_column_div av-zero-column-padding   avia-builder-el-13  el_after_av_one_half  el_before_av_one_full  column-top-margin\" style='border-radius:0px; '><div  class='avia-button-wrap avia-button-center  avia-builder-el-14  avia-builder-el-no-sibling ' ><a href='https:\/\/drive.google.com\/file\/d\/1dUWafM8Y6thpsVHrRyoLOPWsQvYBS-Fl\/view?usp=sharing' class='avia-button avia-button-fullwidth  avia-font-color-theme-color avia-icon_select-no avia-color-custom '  style='background-color:#bcbcbc; ' ><span class='avia_iconbox_title' >Baixar Dados<\/span><span class='avia_button_background avia-button avia-button-fullwidth avia-color-theme-color-highlight' ><\/span><\/a><\/div><\/div>\n<div class=\"flex_column av_one_full  flex_column_div av-zero-column-padding first  avia-builder-el-15  el_after_av_one_half  el_before_av_hr  column-top-margin\" style='border-radius:0px; '><div  class=\"tabcontainer   sidebar_tab sidebar_tab_left border_tabs  avia-builder-el-16  avia-builder-el-no-sibling \" role=\"tablist\">\n\n<section class=\"av_tab_section\"  itemscope=\"itemscope\" itemtype=\"https:\/\/schema.org\/CreativeWork\" ><div aria-controls=\"tab-id-1-content\" role=\"tab\" tabindex=\"0\" data-fake-id=\"#tab-id-1\" class=\"tab active_tab\"  itemprop=\"headline\" >Cadastro Geral de Empregados e Desempregados<\/div>\n<div id=\"tab-id-1-content\" class=\"tab_content active_tab_content\" aria-hidden=\"false\">\n<div class=\"tab_inner_content invers-color\"  itemprop=\"text\" >\n<p><iframe loading=\"lazy\" src=\"https:\/\/app.powerbi.com\/view?r=eyJrIjoiODAwYjU1YmEtYjlmMi00ZmYxLWI5ZTktM2M4MWYxNzU2ZDI2IiwidCI6IjM4YTZiNDFiLTJmOWEtNGFiMi1hYjJhLTYzOWE0M2M0ZDQ3YSJ9&amp;pageName=ReportSectiona1549c3a394d170e6788&amp;pageName=ReportSection8cb2ff05ad87fdce85e7\" width=\"100%\" height=\"768\"><\/iframe><\/p>\n\n<\/div>\n<\/div>\n<\/section>\n\n<section class=\"av_tab_section\"  itemscope=\"itemscope\" itemtype=\"https:\/\/schema.org\/CreativeWork\" ><div aria-controls=\"tab-id-2-content\" role=\"tab\" tabindex=\"0\" data-fake-id=\"#tab-id-2\" class=\"tab \"  itemprop=\"headline\" >Indicadores do Turismo<\/div>\n<div id=\"tab-id-2-content\" class=\"tab_content \" aria-hidden=\"true\">\n<div class=\"tab_inner_content invers-color\"  itemprop=\"text\" >\n<p><iframe loading=\"lazy\" src=\"https:\/\/app.powerbi.com\/view?r=eyJrIjoiODAwYjU1YmEtYjlmMi00ZmYxLWI5ZTktM2M4MWYxNzU2ZDI2IiwidCI6IjM4YTZiNDFiLTJmOWEtNGFiMi1hYjJhLTYzOWE0M2M0ZDQ3YSJ9&amp;pageName=ReportSectiona1549c3a394d170e6788\" width=\"100%\" height=\"768\"><\/iframe><\/p>\n\n<\/div>\n<\/div>\n<\/section>\n\n<\/div><\/div>\n<div  style='height:60px' class='hr hr-invisible   avia-builder-el-17  el_after_av_one_full  el_before_av_hr '><span class='hr-inner ' ><span class='hr-inner-style'><\/span><\/span><\/div>\n<div  style='height:60px' class='hr hr-invisible   avia-builder-el-18  el_after_av_hr  el_before_av_section  avia-builder-el-last '><span class='hr-inner ' ><span class='hr-inner-style'><\/span><\/span><\/div>\n<\/div><\/div><\/div><!-- close content main div --><\/div><\/div><div id='av_section_2'  class='avia-section main_color avia-section-no-padding avia-no-border-styling  avia-bg-style-scroll  avia-builder-el-19  el_after_av_hr  el_before_av_one_half   container_wrap sidebar_right' style='background-repeat: no-repeat; background-image: url(https:\/\/observa.campinagrande.br\/wp-content\/uploads\/2021\/03\/topbg.png);background-attachment: scroll; background-position: bottom center;  '  data-section-bg-repeat='no-repeat'><div class='container' ><div class='template-page content  av-content-small alpha units'><div class='post-entry post-entry-type-page post-entry-236'><div class='entry-content-wrapper clearfix'>\n<div class=\"flex_column av_two_fifth  flex_column_div av-zero-column-padding first  avia-builder-el-20  el_before_av_one_fourth  avia-builder-el-first  \" style='border-radius:0px; '><div  class='avia-image-container  av-styling-    avia-builder-el-21  avia-builder-el-no-sibling  avia-align-center '  itemprop=\"image\" itemscope=\"itemscope\" itemtype=\"https:\/\/schema.org\/ImageObject\"  ><div class='avia-image-container-inner'><div class='avia-image-overlay-wrap'><img decoding=\"async\" class='wp-image-91 avia-img-lazy-loading-not-91 avia_image' src=\"https:\/\/observa.campinagrande.br\/wp-content\/uploads\/2021\/03\/logos_bottom.png\" alt='' title='logos_bottom' height=\"125\" width=\"755\"  itemprop=\"thumbnailUrl\" srcset=\"https:\/\/observa.campinagrande.br\/wp-content\/uploads\/2021\/03\/logos_bottom.png 755w, https:\/\/observa.campinagrande.br\/wp-content\/uploads\/2021\/03\/logos_bottom-300x50.png 300w, https:\/\/observa.campinagrande.br\/wp-content\/uploads\/2021\/03\/logos_bottom-705x117.png 705w\" sizes=\"(max-width: 755px) 100vw, 755px\" \/><\/div><\/div><\/div><\/div><div class=\"flex_column av_one_fourth  flex_column_div av-zero-column-padding   avia-builder-el-22  el_after_av_two_fifth  el_before_av_one_fourth  \" style='border-radius:0px; '><section class=\"av_textblock_section \"  itemscope=\"itemscope\" itemtype=\"https:\/\/schema.org\/CreativeWork\" ><div class='avia_textblock  '   itemprop=\"text\" ><p style=\"text-align: left;\">Copyright 2021 \u00a9<br \/>\nObservat\u00f3rio de Campina Grande<\/p>\n<\/div><\/section><\/div><div class=\"flex_column av_one_fourth  flex_column_div av-zero-column-padding   avia-builder-el-24  el_after_av_one_fourth  el_before_av_hr  \" style='border-radius:0px; '><div  class='av-social-sharing-box  avia-builder-el-25  avia-builder-el-no-sibling  '><div class='av-share-box'><ul class='av-share-box-list noLightbox'><li class='av-share-link av-social-link-facebook' ><a target=\"_blank\" aria-label=\"Share on Facebook\" href='https:\/\/www.facebook.com\/sharer.php?u=https:\/\/observa.campinagrande.br\/index.php\/observaeconomico\/&#038;t=Observat%C3%B3rio%20Econ%C3%B4mico' aria-hidden='false' data-av_icon='\ue8f3' data-av_iconfont='entypo-fontello' title='' data-avia-related-tooltip='Share on Facebook' rel=\"noopener\"><span class='avia_hidden_link_text'>Share on Facebook<\/span><\/a><\/li><li class='av-share-link av-social-link-twitter' ><a target=\"_blank\" aria-label=\"Share on Twitter\" href='https:\/\/twitter.com\/share?text=Observat%C3%B3rio%20Econ%C3%B4mico&#038;url=https:\/\/observa.campinagrande.br\/?p=236' aria-hidden='false' data-av_icon='\ue8f1' data-av_iconfont='entypo-fontello' title='' data-avia-related-tooltip='Share on Twitter' rel=\"noopener\"><span class='avia_hidden_link_text'>Share on Twitter<\/span><\/a><\/li><li class='av-share-link av-social-link-whatsapp' ><a target=\"_blank\" aria-label=\"Share on WhatsApp\" href='https:\/\/api.whatsapp.com\/send?text=https:\/\/observa.campinagrande.br\/index.php\/observaeconomico\/' aria-hidden='false' data-av_icon='\uf232' data-av_iconfont='entypo-fontello' title='' data-avia-related-tooltip='Share on WhatsApp' rel=\"noopener\"><span class='avia_hidden_link_text'>Share on WhatsApp<\/span><\/a><\/li><li class='av-share-link av-social-link-mail' ><a  aria-label=\"Share by Mail\" href='mailto:?subject=Observat%C3%B3rio%20Econ%C3%B4mico&#038;body=https:\/\/observa.campinagrande.br\/index.php\/observaeconomico\/' aria-hidden='false' data-av_icon='\ue805' data-av_iconfont='entypo-fontello' title='' data-avia-related-tooltip='Share by Mail'><span class='avia_hidden_link_text'>Share by Mail<\/span><\/a><\/li><\/ul><\/div><\/div><\/div><div  style='height:15px' class='hr hr-invisible   avia-builder-el-26  el_after_av_one_fourth  el_before_av_hr '><span class='hr-inner ' ><span class='hr-inner-style'><\/span><\/span><\/div>\n<div  style='height:30px' class='hr hr-invisible   avia-builder-el-27  el_after_av_hr  avia-builder-el-last '><span class='hr-inner ' ><span class='hr-inner-style'><\/span><\/span><\/div>\n<\/div><\/div><\/div><!-- close content main div --><\/div><\/div><div id='after_section_2'  class='main_color av_default_container_wrap container_wrap sidebar_right' style=' '  ><div class='container' ><div class='template-page content  av-content-small alpha units'><div class='post-entry post-entry-type-page post-entry-236'><div class='entry-content-wrapper clearfix'>\n<div class=\"flex_column av_one_half  flex_column_div av-zero-column-padding first  avia-builder-el-28  el_after_av_section  el_before_av_one_half  avia-builder-el-first  \" style='border-radius:0px; '><\/div>\n<div class=\"flex_column av_one_half  flex_column_div av-zero-column-padding   avia-builder-el-29  el_after_av_one_half  el_before_av_one_half  \" style='border-radius:0px; '><\/div>\n<div class=\"flex_column av_one_half  flex_column_div av-zero-column-padding first  avia-builder-el-30  el_after_av_one_half  avia-builder-el-last  column-top-margin\" style='border-radius:0px; '><\/div>\n","protected":false},"excerpt":{"rendered":"","protected":false},"author":1,"featured_media":0,"parent":0,"menu_order":0,"comment_status":"closed","ping_status":"closed","template":"","meta":{"footnotes":""},"class_list":["post-236","page","type-page","status-publish","hentry"],"_links":{"self":[{"href":"https:\/\/observa.campinagrande.br\/index.php\/wp-json\/wp\/v2\/pages\/236","targetHints":{"allow":["GET"]}}],"collection":[{"href":"https:\/\/observa.campinagrande.br\/index.php\/wp-json\/wp\/v2\/pages"}],"about":[{"href":"https:\/\/observa.campinagrande.br\/index.php\/wp-json\/wp\/v2\/types\/page"}],"author":[{"embeddable":true,"href":"https:\/\/observa.campinagrande.br\/index.php\/wp-json\/wp\/v2\/users\/1"}],"replies":[{"embeddable":true,"href":"https:\/\/observa.campinagrande.br\/index.php\/wp-json\/wp\/v2\/comments?post=236"}],"version-history":[{"count":12,"href":"https:\/\/observa.campinagrande.br\/index.php\/wp-json\/wp\/v2\/pages\/236\/revisions"}],"predecessor-version":[{"id":585,"href":"https:\/\/observa.campinagrande.br\/index.php\/wp-json\/wp\/v2\/pages\/236\/revisions\/585"}],"wp:attachment":[{"href":"https:\/\/observa.campinagrande.br\/index.php\/wp-json\/wp\/v2\/media?parent=236"}],"curies":[{"name":"wp","href":"https:\/\/api.w.org\/{rel}","templated":true}]}}