{"id":1329,"date":"2023-01-26T09:18:31","date_gmt":"2023-01-26T12:18:31","guid":{"rendered":"http:\/\/observa.campinagrande.br\/?page_id=1329"},"modified":"2023-01-26T09:18:43","modified_gmt":"2023-01-26T12:18:43","slug":"sine","status":"publish","type":"page","link":"https:\/\/observa.campinagrande.br\/index.php\/sine\/","title":{"rendered":"Sine"},"content":{"rendered":"<div id='av_section_1'  class='avia-section main_color avia-section-default avia-no-border-styling  av-section-color-overlay-active avia-bg-style-scroll  avia-builder-el-0  el_before_av_one_half  avia-builder-el-first   av-minimum-height av-minimum-height-custom  av-section-with-video-bg container_wrap sidebar_right' style=' '   data-section-video-ratio='16:9'><div   data-size='featured'  data-lightbox_size='large'  data-animation='slide'  data-conditional_play=''  data-ids=''  data-video_counter='1'  data-autoplay='false'  data-bg_slider='false'  data-slide_height=''  data-handle=''  data-interval='5'  data-class=' av-section-video-bg'  data-el_id=''  data-css_id=''  data-scroll_down=''  data-control_layout=''  data-custom_markup=''  data-perma_caption=''  data-autoplay_stopper=''  data-image_attachment=''  data-min_height='0px'  data-lazy_loading='disabled'  data-default-height='28.6666666667'  class='avia-slideshow avia-slideshow-1  av-default-height-applied avia-slideshow-featured   av-section-video-bg avia-slide-slider '  itemprop=\"image\" itemscope=\"itemscope\" itemtype=\"https:\/\/schema.org\/ImageObject\" ><ul class='avia-slideshow-inner ' style='padding-bottom: 28.6666666667%;' ><li  data-controls='disabled' data-mute='aviaTBaviaTBvideo_mute' data-loop='1' data-disable-autoplay=''  data-video-ratio='3.48837209302' class=' av-video-slide  av-video-service-vimeo  av-hide-video-controls av-mute-video av-loop-video av-single-slide slide-1 ' ><div data-rel='slideshow-1' class='avia-slide-wrap '   ><div class='av-click-overlay'><\/div><div class='mejs-mediaelement'><div data-src='\/\/player.vimeo.com\/video\/579461520?portrait=0&#038;byline=0&#038;title=0&#038;badge=0&#038;loop=1&#038;autopause=0&#038;api=1&#038;rel=0&#038;player_id=player_1329_1898760694_489450833&#038;color=719430' data-original_url='https:\/\/vimeo.com\/579461520' height='1600' width='900' class='av_vimeo_frame' id='player_1329_1898760694_489450833'><\/div><\/div><div class='av-click-to-play-overlay'><div class=\"avia_playpause_icon\"><\/div><\/div><\/div><\/li><\/ul><\/div><div class='av-section-color-overlay-wrap'><div class='av-section-color-overlay' style='opacity: 0.5; background-color: #000000; '><\/div><div class='container' style='height:250px'><main  role=\"main\" itemprop=\"mainContentOfPage\"  class='template-page content  av-content-small alpha units'><div class='post-entry post-entry-type-page post-entry-1329'><div class='entry-content-wrapper clearfix'>\n<div class=\"flex_column av_one_full  flex_column_div av-zero-column-padding first  avia-builder-el-1  avia-builder-el-no-sibling  \" style='border-radius:0px; '><p><div   class='hr hr-default   avia-builder-el-2  el_before_av_heading  avia-builder-el-first '><span class='hr-inner ' ><span class='hr-inner-style'><\/span><\/span><\/div><br \/>\n<div  style='padding-bottom:10px; color:#ffffff;' class='av-special-heading av-special-heading-h2 custom-color-heading blockquote modern-quote  avia-builder-el-3  el_after_av_hr  avia-builder-el-last  '><h2 class='av-special-heading-tag '  itemprop=\"headline\"  >SINE<\/h2><div class='special-heading-border'><div class='special-heading-inner-border' style='border-color:#ffffff'><\/div><\/div><\/div><\/p><\/div><\/div><\/div><\/main><!-- close content main element --><\/div><\/div><\/div><div id='after_section_1'  class='main_color av_default_container_wrap container_wrap sidebar_right' style=' '  ><div class='container' ><div class='template-page content  av-content-small alpha units'><div class='post-entry post-entry-type-page post-entry-1329'><div class='entry-content-wrapper clearfix'><div class=\"flex_column av_one_half  flex_column_div av-zero-column-padding first  avia-builder-el-4  el_after_av_section  el_before_av_one_half  avia-builder-el-first  \" style='border-radius:0px; '><section class=\"av_textblock_section \"  itemscope=\"itemscope\" itemtype=\"https:\/\/schema.org\/CreativeWork\" ><div class='avia_textblock  '   itemprop=\"text\" ><h1><span style=\"color: #808000;\">C<span style=\"font-size: 18pt;\">ONHE\u00c7A<\/span><\/span><\/h1>\n<\/div><\/section><br \/>\n<div   data-size='portfolio'  data-lightbox_size='large'  data-animation='fade'  data-conditional_play=''  data-ids='1341,1342'  data-video_counter='0'  data-autoplay='false'  data-bg_slider='false'  data-slide_height=''  data-handle='av_slideshow'  data-interval='5'  data-class=' avia-builder-el-6  el_after_av_textblock  el_before_av_hr   avia-small-width-slider'  data-el_id=''  data-css_id=''  data-scroll_down=''  data-control_layout='av-control-hidden'  data-custom_markup=''  data-perma_caption=''  data-autoplay_stopper=''  data-image_attachment=''  data-min_height='0px'  data-lazy_loading='disabled'  data-default-height='80.8080808081'  class='avia-slideshow avia-slideshow-2  av-control-hidden av-default-height-applied avia-slideshow-portfolio av_slideshow  avia-builder-el-6  el_after_av_textblock  el_before_av_hr   avia-small-width-slider avia-fade-slider '  itemprop=\"image\" itemscope=\"itemscope\" itemtype=\"https:\/\/schema.org\/ImageObject\" ><ul class='avia-slideshow-inner ' style='padding-bottom: 80.8080808081%;' ><li  class=' slide-1 ' ><div data-rel='slideshow-2' class='avia-slide-wrap '   ><img decoding=\"async\" class=\"wp-image-1341 avia-img-lazy-loading-not-1341\"  src=\"https:\/\/observa.campinagrande.br\/wp-content\/uploads\/2023\/01\/277572718_286007997036306_528732433561561097_n-3-495x400.png\" width=\"495\" height=\"400\" title='277572718_286007997036306_528732433561561097_n' alt=''  itemprop=\"thumbnailUrl\" srcset=\"https:\/\/observa.campinagrande.br\/wp-content\/uploads\/2023\/01\/277572718_286007997036306_528732433561561097_n-3-495x400.png 495w, https:\/\/observa.campinagrande.br\/wp-content\/uploads\/2023\/01\/277572718_286007997036306_528732433561561097_n-3-845x684.png 845w\" sizes=\"(max-width: 495px) 100vw, 495px\" \/><\/div><\/li><li  class=' slide-2 ' ><div data-rel='slideshow-2' class='avia-slide-wrap '   ><img decoding=\"async\" class=\"wp-image-1342 avia-img-lazy-loading-not-1342\"  src=\"https:\/\/observa.campinagrande.br\/wp-content\/uploads\/2023\/01\/327169933_732776568172093_6115408413952535492_n-495x400.jpg\" width=\"495\" height=\"400\" title='327169933_732776568172093_6115408413952535492_n' alt=''  itemprop=\"thumbnailUrl\" srcset=\"https:\/\/observa.campinagrande.br\/wp-content\/uploads\/2023\/01\/327169933_732776568172093_6115408413952535492_n-495x400.jpg 495w, https:\/\/observa.campinagrande.br\/wp-content\/uploads\/2023\/01\/327169933_732776568172093_6115408413952535492_n-845x684.jpg 845w\" sizes=\"(max-width: 495px) 100vw, 495px\" \/><\/div><\/li><\/ul><div class='avia-slideshow-arrows avia-slideshow-controls'><a href='#prev' class='prev-slide' aria-hidden='true' data-av_icon='\ue87c' data-av_iconfont='entypo-fontello'>Anterior<\/a><a href='#next' class='next-slide' aria-hidden='true' data-av_icon='\ue87d' data-av_iconfont='entypo-fontello'>Pr\u00f3ximo<\/a><\/div><div class='avia-slideshow-dots avia-slideshow-controls'><a href='#1' class='goto-slide active' >1<\/a><a href='#2' class='goto-slide ' >2<\/a><\/div><\/div><br \/>\n<div   class='hr hr-default   avia-builder-el-7  el_after_av_slideshow  el_before_av_textblock '><span class='hr-inner ' ><span class='hr-inner-style'><\/span><\/span><\/div><br \/>\n<section class=\"av_textblock_section \"  itemscope=\"itemscope\" itemtype=\"https:\/\/schema.org\/CreativeWork\" ><div class='avia_textblock  '   itemprop=\"text\" ><p>O Sistema Nacional de Emprego (SINE) foi criado em 1975 sob a \u00e9gide da Conven\u00e7\u00e3o n\u00ba. 88 da Organiza\u00e7\u00e3o Internacional do Trabalho (OIT), que orienta cada pa\u00eds-membro a manter um servi\u00e7o p\u00fablico e gratuito de emprego, para a melhor organiza\u00e7\u00e3o do mercado de trabalho.<\/p>\n<p>A partir da Lei 7.998\/1990 e suas altera\u00e7\u00f5es, as a\u00e7\u00f5es do Sine passaram a ser entendidas como parte do Programa do Seguro-Desemprego.<\/p>\n<p>A execu\u00e7\u00e3o das a\u00e7\u00f5es no \u00e2mbito do Sine ocorre mediante a celebra\u00e7\u00e3o de Conv\u00eanios Plurianuais do SINE (CPSINE) com as Unidades da Federa\u00e7\u00e3o, munic\u00edpios com mais de 200 mil habitantes, e entidades privadas sem fins lucrativos.<\/p>\n<p>As principais a\u00e7\u00f5es disponibilizadas por essa rede de atendimento s\u00e3o a intermedia\u00e7\u00e3o de m\u00e3o-de-obra e a habilita\u00e7\u00e3o ao seguro-desemprego.<\/p>\n<p>Em busca de promover a integra\u00e7\u00e3o preconizada pela Lei 7.998\/1990, por\u00e9m, um crescente n\u00famero de postos tamb\u00e9m prov\u00ea encaminhamento para cursos de qualifica\u00e7\u00e3o social e profissional.<\/p>\n<p><strong>Fonte<\/strong>: <a href=\"https:\/\/portalfat.mte.gov.br\/programas-e-acoes-2\/sistema-nacional-de-emprego-sine\/\">Minist\u00e9rio do Trabalho e Previd\u00eancia<\/a><\/p>\n<\/div><\/section><\/p><\/div><div class=\"flex_column av_one_half  flex_column_div av-zero-column-padding   avia-builder-el-9  el_after_av_one_half  el_before_av_hr  \" style='border-radius:0px; '><section class=\"av_textblock_section \"  itemscope=\"itemscope\" itemtype=\"https:\/\/schema.org\/CreativeWork\" ><div class='avia_textblock  '   itemprop=\"text\" ><h1><span style=\"color: #808000;\">C<span style=\"font-size: 24pt;\">OMO<\/span> <span style=\"font-size: 24pt;\">\u00c9 O<\/span> P<span style=\"font-size: 24pt;\">ROGRAMA<\/span>?<\/span><\/h1>\n<\/div><\/section><br \/>\n<section class=\"av_textblock_section \"  itemscope=\"itemscope\" itemtype=\"https:\/\/schema.org\/CreativeWork\" ><div class='avia_textblock  '   itemprop=\"text\" ><h4>Intermedia\u00e7\u00e3o de m\u00e3o-de-obra<\/h4>\n<p>A intermedia\u00e7\u00e3o de m\u00e3o-de-obra visa colocar trabalhadores no mercado de trabalho, por meio de vagas captadas junto a empregadores, reduzindo o tempo de espera e a assimetria de informa\u00e7\u00e3o existente no mercado de trabalho, tanto para o trabalhador quanto para o empregador. Portanto, o servi\u00e7o busca promover o encontro de oferta e demanda de trabalho.<\/p>\n<p>As principais etapas da execu\u00e7\u00e3o do servi\u00e7o de intermedia\u00e7\u00e3o de m\u00e3o-de-obra s\u00e3o: inscri\u00e7\u00e3o do trabalhador; registro do empregador; capta\u00e7\u00e3o e registro de vagas de trabalho; cruzamento de perfil dos trabalhadores cadastrados com o perfil das vagas captadas; convoca\u00e7\u00e3o de trabalhadores conforme pesquisa de perfil e encaminhamento para entrevista de emprego; e registro do resultado do encaminhamento. Ainda, o servi\u00e7o de intermedia\u00e7\u00e3o de m\u00e3o-de-obra pressup\u00f5e a administra\u00e7\u00e3o das vagas, do momento de sua capta\u00e7\u00e3o at\u00e9 seu preenchimento \u2013 ou, eventualmente, at\u00e9 a extin\u00e7\u00e3o do prazo definido pelo empregador para a sele\u00e7\u00e3o. Em todas as etapas, \u00e9 necess\u00e1rio o gerenciamento e controle das informa\u00e7\u00f5es.<\/p>\n<p>Ressalte-se que a a\u00e7\u00e3o de intermedia\u00e7\u00e3o de m\u00e3o de obra \u00e9 frequentemente associada a a\u00e7\u00f5es de orienta\u00e7\u00e3o profissional, aumentando a efetividade do processo de inclus\u00e3o social e produtiva dos trabalhadores, particularmente aqueles com maiores dificuldades de inser\u00e7\u00e3o. Trata-se de um atendimento especializado, em que o trabalhador pode contar com apoio de psic\u00f3logos, assistentes sociais ou outros profissionais que o norteiem na procura por um emprego, por cursos de qualifica\u00e7\u00e3o, por acesso a cr\u00e9dito para fomento do empreendedorismo, ou outros.<\/p>\n<p>Um importante papel desse servi\u00e7o \u00e9 de prestar informa\u00e7\u00f5es ao trabalhador, sobre o perfil profissional exigido pelas empresas; a import\u00e2ncia da postura profissional; a necessidade de desenvolvimento pessoal e profissional cont\u00ednuo; os meios existentes para busca de emprego; documenta\u00e7\u00e3o necess\u00e1ria; ou mesmo orienta\u00e7\u00f5es sobre como elaborar um curr\u00edculo ou se portar em uma entrevista.<\/p>\n<h4>Cursos de qualifica\u00e7\u00e3o<\/h4>\n<p>O atendimento no \u00e2mbito do Sine \u00e9 tamb\u00e9m um dos canais de acesso do trabalhador aos cursos de qualifica\u00e7\u00e3o social e profissional oferecidos em parceria pelo Minist\u00e9rio da Educa\u00e7\u00e3o atrav\u00e9s do Pronatec. Em 2014, o Minist\u00e9rio do Trabalho e Emprego deu prosseguimento \u00e0 integra\u00e7\u00e3o entre os sistemas envolvidos no processo de migra\u00e7\u00e3o dos egressos do Pronatec para o Sistema Mais Emprego. A previs\u00e3o \u00e9 que ainda no primeiro semestre de 2015, aquele que terminar algum curso do Pronatec e estiver \u00e0 procura de emprego, estar\u00e1 automaticamente cadastrado no sistema Mais Emprego.<\/p>\n<p>O trabalhador poder\u00e1 manifestar interesse em realizar determinado curso de qualifica\u00e7\u00e3o no ato de sua inscri\u00e7\u00e3o na intermedia\u00e7\u00e3o de m\u00e3o-de-obra, ou poder\u00e1 ser orientado a faz\u00ea-lo a partir de um processo de orienta\u00e7\u00e3o profissional. Tamb\u00e9m ser\u00e1 poss\u00edvel que o trabalhador procure o posto exclusivamente em busca de encaminhamento a um curso de qualifica\u00e7\u00e3o, a partir de divulga\u00e7\u00e3o realizada pelo pr\u00f3prio Sine, ou pela entidade executora.<\/p>\n<p style=\"text-align: left;\" data-raofz=\"14\">at\u00e9 variados exames na \u00e1rea de sa\u00fade.<\/p>\n<p><strong>Fonte<\/strong>: <a href=\"https:\/\/portalfat.mte.gov.br\/programas-e-acoes-2\/sistema-nacional-de-emprego-sine\/\">Minist\u00e9rio do Trabalho e Previd\u00eancia<\/a><\/p>\n<\/div><\/section><\/p><\/div><div   class='hr hr-default   avia-builder-el-12  el_after_av_one_half  el_before_av_codeblock '><span class='hr-inner ' ><span class='hr-inner-style'><\/span><\/span><\/div><\/p>\n\n<div  style='height:60px' class='hr hr-invisible   avia-builder-el-14  el_after_av_codeblock  el_before_av_section  avia-builder-el-last '><span class='hr-inner ' ><span class='hr-inner-style'><\/span><\/span><\/div>\n<\/div><\/div><\/div><!-- close content main div --><\/div><\/div><div id='av_section_2'  class='avia-section main_color avia-section-no-padding avia-no-border-styling  avia-bg-style-scroll  avia-builder-el-15  el_after_av_hr  avia-builder-el-last   container_wrap sidebar_right' style='background-repeat: no-repeat; background-image: url(https:\/\/observa.campinagrande.br\/wp-content\/uploads\/2021\/03\/topbg.png);background-attachment: scroll; background-position: bottom center;  '  data-section-bg-repeat='no-repeat'><div class='container' ><div class='template-page content  av-content-small alpha units'><div class='post-entry post-entry-type-page post-entry-1329'><div class='entry-content-wrapper clearfix'>\n<div class=\"flex_column av_two_fifth  flex_column_div av-zero-column-padding first  avia-builder-el-16  el_before_av_one_fourth  avia-builder-el-first  \" style='border-radius:0px; '><div  class='avia-image-container  av-styling-    avia-builder-el-17  avia-builder-el-no-sibling  avia-align-center '  itemprop=\"image\" itemscope=\"itemscope\" itemtype=\"https:\/\/schema.org\/ImageObject\"  ><div class='avia-image-container-inner'><div class='avia-image-overlay-wrap'><img decoding=\"async\" class='wp-image-91 avia-img-lazy-loading-not-91 avia_image' src=\"https:\/\/observa.campinagrande.br\/wp-content\/uploads\/2021\/03\/logos_bottom.png\" alt='' title='logos_bottom' height=\"125\" width=\"755\"  itemprop=\"thumbnailUrl\" srcset=\"https:\/\/observa.campinagrande.br\/wp-content\/uploads\/2021\/03\/logos_bottom.png 755w, https:\/\/observa.campinagrande.br\/wp-content\/uploads\/2021\/03\/logos_bottom-300x50.png 300w, https:\/\/observa.campinagrande.br\/wp-content\/uploads\/2021\/03\/logos_bottom-705x117.png 705w\" sizes=\"(max-width: 755px) 100vw, 755px\" \/><\/div><\/div><\/div><\/div><div class=\"flex_column av_one_fourth  flex_column_div av-zero-column-padding   avia-builder-el-18  el_after_av_two_fifth  el_before_av_one_fourth  \" style='border-radius:0px; '><section class=\"av_textblock_section \"  itemscope=\"itemscope\" itemtype=\"https:\/\/schema.org\/CreativeWork\" ><div class='avia_textblock  '   itemprop=\"text\" ><p style=\"text-align: left;\">Copyright 2021 \u00a9<br \/>\nObservat\u00f3rio de Campina Grande<\/p>\n<\/div><\/section><\/div><div class=\"flex_column av_one_fourth  flex_column_div av-zero-column-padding   avia-builder-el-20  el_after_av_one_fourth  el_before_av_hr  \" style='border-radius:0px; '><div  class='av-social-sharing-box  avia-builder-el-21  avia-builder-el-no-sibling  '><div class='av-share-box'><ul class='av-share-box-list noLightbox'><li class='av-share-link av-social-link-facebook' ><a target=\"_blank\" aria-label=\"Share on Facebook\" href='https:\/\/www.facebook.com\/sharer.php?u=https:\/\/observa.campinagrande.br\/index.php\/sine\/&#038;t=Sine' aria-hidden='false' data-av_icon='\ue8f3' data-av_iconfont='entypo-fontello' title='' data-avia-related-tooltip='Share on Facebook' rel=\"noopener\"><span class='avia_hidden_link_text'>Share on Facebook<\/span><\/a><\/li><li class='av-share-link av-social-link-twitter' ><a target=\"_blank\" aria-label=\"Share on Twitter\" href='https:\/\/twitter.com\/share?text=Sine&#038;url=https:\/\/observa.campinagrande.br\/?p=1329' aria-hidden='false' data-av_icon='\ue8f1' data-av_iconfont='entypo-fontello' title='' data-avia-related-tooltip='Share on Twitter' rel=\"noopener\"><span class='avia_hidden_link_text'>Share on Twitter<\/span><\/a><\/li><li class='av-share-link av-social-link-whatsapp' ><a target=\"_blank\" aria-label=\"Share on WhatsApp\" href='https:\/\/api.whatsapp.com\/send?text=https:\/\/observa.campinagrande.br\/index.php\/sine\/' aria-hidden='false' data-av_icon='\uf232' data-av_iconfont='entypo-fontello' title='' data-avia-related-tooltip='Share on WhatsApp' rel=\"noopener\"><span class='avia_hidden_link_text'>Share on WhatsApp<\/span><\/a><\/li><li class='av-share-link av-social-link-mail' ><a  aria-label=\"Share by Mail\" href='mailto:?subject=Sine&#038;body=https:\/\/observa.campinagrande.br\/index.php\/sine\/' aria-hidden='false' data-av_icon='\ue805' data-av_iconfont='entypo-fontello' title='' data-avia-related-tooltip='Share by Mail'><span class='avia_hidden_link_text'>Share by Mail<\/span><\/a><\/li><\/ul><\/div><\/div><\/div><div  style='height:15px' class='hr hr-invisible   avia-builder-el-22  el_after_av_one_fourth  avia-builder-el-last '><span class='hr-inner ' ><span class='hr-inner-style'><\/span><\/span><\/div>\n<\/div><\/div><\/div><!-- close content main div --><\/div><\/div><div id='after_section_2'  class='main_color av_default_container_wrap container_wrap sidebar_right' style=' '  ><div class='container' ><div class='template-page content  av-content-small alpha units'><div class='post-entry post-entry-type-page post-entry-1329'><div class='entry-content-wrapper clearfix'>\n","protected":false},"excerpt":{"rendered":"","protected":false},"author":1,"featured_media":0,"parent":0,"menu_order":0,"comment_status":"closed","ping_status":"closed","template":"","meta":{"footnotes":""},"class_list":["post-1329","page","type-page","status-publish","hentry"],"_links":{"self":[{"href":"https:\/\/observa.campinagrande.br\/index.php\/wp-json\/wp\/v2\/pages\/1329","targetHints":{"allow":["GET"]}}],"collection":[{"href":"https:\/\/observa.campinagrande.br\/index.php\/wp-json\/wp\/v2\/pages"}],"about":[{"href":"https:\/\/observa.campinagrande.br\/index.php\/wp-json\/wp\/v2\/types\/page"}],"author":[{"embeddable":true,"href":"https:\/\/observa.campinagrande.br\/index.php\/wp-json\/wp\/v2\/users\/1"}],"replies":[{"embeddable":true,"href":"https:\/\/observa.campinagrande.br\/index.php\/wp-json\/wp\/v2\/comments?post=1329"}],"version-history":[{"count":16,"href":"https:\/\/observa.campinagrande.br\/index.php\/wp-json\/wp\/v2\/pages\/1329\/revisions"}],"predecessor-version":[{"id":1453,"href":"https:\/\/observa.campinagrande.br\/index.php\/wp-json\/wp\/v2\/pages\/1329\/revisions\/1453"}],"wp:attachment":[{"href":"https:\/\/observa.campinagrande.br\/index.php\/wp-json\/wp\/v2\/media?parent=1329"}],"curies":[{"name":"wp","href":"https:\/\/api.w.org\/{rel}","templated":true}]}}