{"id":1303,"date":"2022-12-26T10:32:10","date_gmt":"2022-12-26T13:32:10","guid":{"rendered":"http:\/\/observa.campinagrande.br\/?page_id=1303"},"modified":"2022-12-26T10:32:10","modified_gmt":"2022-12-26T13:32:10","slug":"campina-8","status":"publish","type":"page","link":"https:\/\/observa.campinagrande.br\/index.php\/campina-8\/","title":{"rendered":"Campina VIII"},"content":{"rendered":"<div id='av_section_1'  class='avia-section main_color avia-section-default avia-no-border-styling  av-section-color-overlay-active avia-bg-style-scroll  avia-builder-el-0  el_before_av_one_half  avia-builder-el-first   av-minimum-height av-minimum-height-custom  av-section-with-video-bg container_wrap sidebar_right' style=' '   data-section-video-ratio='16:9'><div   data-size='featured'  data-lightbox_size='large'  data-animation='slide'  data-conditional_play=''  data-ids=''  data-video_counter='1'  data-autoplay='false'  data-bg_slider='false'  data-slide_height=''  data-handle=''  data-interval='5'  data-class=' av-section-video-bg'  data-el_id=''  data-css_id=''  data-scroll_down=''  data-control_layout=''  data-custom_markup=''  data-perma_caption=''  data-autoplay_stopper=''  data-image_attachment=''  data-min_height='0px'  data-lazy_loading='disabled'  data-default-height='28.6666666667'  class='avia-slideshow avia-slideshow-1  av-default-height-applied avia-slideshow-featured   av-section-video-bg avia-slide-slider '  itemprop=\"image\" itemscope=\"itemscope\" itemtype=\"https:\/\/schema.org\/ImageObject\" ><ul class='avia-slideshow-inner ' style='padding-bottom: 28.6666666667%;' ><li  data-controls='disabled' data-mute='aviaTBaviaTBvideo_mute' data-loop='1' data-disable-autoplay=''  data-video-ratio='3.48837209302' class=' av-video-slide  av-video-service-vimeo  av-hide-video-controls av-mute-video av-loop-video av-single-slide slide-1 ' ><div data-rel='slideshow-1' class='avia-slide-wrap '   ><div class='av-click-overlay'><\/div><div class='mejs-mediaelement'><div data-src='\/\/player.vimeo.com\/video\/579461520?portrait=0&#038;byline=0&#038;title=0&#038;badge=0&#038;loop=1&#038;autopause=0&#038;api=1&#038;rel=0&#038;player_id=player_1303_853061588_1958681604&#038;color=719430' data-original_url='https:\/\/vimeo.com\/579461520' height='1600' width='900' class='av_vimeo_frame' id='player_1303_853061588_1958681604'><\/div><\/div><div class='av-click-to-play-overlay'><div class=\"avia_playpause_icon\"><\/div><\/div><\/div><\/li><\/ul><\/div><div class='av-section-color-overlay-wrap'><div class='av-section-color-overlay' style='opacity: 0.5; background-color: #000000; '><\/div><div class='container' style='height:250px'><main  role=\"main\" itemprop=\"mainContentOfPage\"  class='template-page content  av-content-small alpha units'><div class='post-entry post-entry-type-page post-entry-1303'><div class='entry-content-wrapper clearfix'>\n<div class=\"flex_column av_one_full  flex_column_div av-zero-column-padding first  avia-builder-el-1  el_before_av_two_third  avia-builder-el-first  \" style='border-radius:0px; '><p><div   class='hr hr-default   avia-builder-el-2  el_before_av_heading  avia-builder-el-first '><span class='hr-inner ' ><span class='hr-inner-style'><\/span><\/span><\/div><br \/>\n<div  style='padding-bottom:10px; color:#ffffff;' class='av-special-heading av-special-heading-h2 custom-color-heading blockquote modern-quote  avia-builder-el-3  el_after_av_hr  avia-builder-el-last  '><h2 class='av-special-heading-tag '  itemprop=\"headline\"  >Campina VIII<\/h2><div class='special-heading-border'><div class='special-heading-inner-border' style='border-color:#ffffff'><\/div><\/div><\/div><\/p><\/div><div class=\"flex_column av_two_third  flex_column_div av-zero-column-padding first  avia-builder-el-4  el_after_av_one_full  avia-builder-el-last  column-top-margin\" style='border-radius:0px; '><\/div><\/div><\/div><\/main><!-- close content main element --><\/div><\/div><\/div><div id='after_section_1'  class='main_color av_default_container_wrap container_wrap sidebar_right' style=' '  ><div class='container' ><div class='template-page content  av-content-small alpha units'><div class='post-entry post-entry-type-page post-entry-1303'><div class='entry-content-wrapper clearfix'><div class=\"flex_column av_one_half  flex_column_div av-zero-column-padding first  avia-builder-el-5  el_after_av_section  el_before_av_one_half  avia-builder-el-first  \" style='border-radius:0px; '><section class=\"av_textblock_section \"  itemscope=\"itemscope\" itemtype=\"https:\/\/schema.org\/CreativeWork\" ><div class='avia_textblock  av_inherit_color '  style='color:#83a846; '  itemprop=\"text\" ><h2><strong>A Terra do Maior S\u00e3o Jo\u00e3o do Mundo &#8211; \u201cRecebe turistas o ano inteirinho&#8230;\u201d<\/strong><\/h2>\n<h2><\/h2>\n<\/div><\/section><br \/>\n<div   data-size='medium'  data-lightbox_size='large'  data-animation='slide'  data-conditional_play=''  data-ids='1304,1305'  data-video_counter='0'  data-autoplay='true'  data-bg_slider='false'  data-slide_height=''  data-handle='av_slideshow'  data-interval='5'  data-class=' avia-builder-el-7  el_after_av_textblock  avia-builder-el-last   avia-small-width-slider avia-super-small-width-slider'  data-el_id=''  data-css_id=''  data-scroll_down=''  data-control_layout='av-control-minimal'  data-custom_markup=''  data-perma_caption=''  data-autoplay_stopper=''  data-image_attachment=''  data-min_height='0px'  data-lazy_loading='disabled'  class='avia-slideshow avia-slideshow-2  av-control-minimal av-default-height-applied avia-slideshow-medium av_slideshow  avia-builder-el-7  el_after_av_textblock  avia-builder-el-last   avia-small-width-slider avia-super-small-width-slider avia-slide-slider '  itemprop=\"image\" itemscope=\"itemscope\" itemtype=\"https:\/\/schema.org\/ImageObject\" ><ul class='avia-slideshow-inner ' style='padding-bottom: 97.3333333333%;' ><li  class=' slide-1 ' ><div data-rel='slideshow-2' class='avia-slide-wrap '   ><div class=\"avia-caption av-slideshow-caption\"><div class=\"avia-inner-caption\"><div class='avia-caption-content  '  itemprop=\"description\"  ><p>Inaugura\u00e7\u00e3o do Parque do Povo<\/p>\n<\/div><\/div><\/div><img decoding=\"async\" class=\"wp-image-1304 avia-img-lazy-loading-not-1304\"  src=\"https:\/\/observa.campinagrande.br\/wp-content\/uploads\/2022\/12\/acude15-300x292.jpg\" width=\"300\" height=\"292\" title='acude15' alt=''  itemprop=\"thumbnailUrl\" srcset=\"https:\/\/observa.campinagrande.br\/wp-content\/uploads\/2022\/12\/acude15-300x292.jpg 300w, https:\/\/observa.campinagrande.br\/wp-content\/uploads\/2022\/12\/acude15-36x36.jpg 36w, https:\/\/observa.campinagrande.br\/wp-content\/uploads\/2022\/12\/acude15.jpg 640w\" sizes=\"(max-width: 300px) 100vw, 300px\" \/><\/div><\/li><li  class=' slide-2 ' ><div data-rel='slideshow-2' class='avia-slide-wrap '   ><div class=\"avia-caption av-slideshow-caption\"><div class=\"avia-inner-caption\"><div class='avia-caption-content  '  itemprop=\"description\"  ><p>Maior S\u00e3o Jo\u00e3o do Mundo de 1986<\/p>\n<\/div><\/div><\/div><img decoding=\"async\" class=\"wp-image-1305 avia-img-lazy-loading-not-1305\"  src=\"https:\/\/observa.campinagrande.br\/wp-content\/uploads\/2022\/12\/acude16-300x203.jpg\" width=\"300\" height=\"203\" title='acude16' alt=''  itemprop=\"thumbnailUrl\" srcset=\"https:\/\/observa.campinagrande.br\/wp-content\/uploads\/2022\/12\/acude16-300x203.jpg 300w, https:\/\/observa.campinagrande.br\/wp-content\/uploads\/2022\/12\/acude16.jpg 640w\" sizes=\"(max-width: 300px) 100vw, 300px\" \/><\/div><\/li><\/ul><div class='avia-slideshow-arrows avia-slideshow-controls'><a href='#prev' class='prev-slide' aria-hidden='true' data-av_icon='\ue87c' data-av_iconfont='entypo-fontello'>Anterior<\/a><a href='#next' class='next-slide' aria-hidden='true' data-av_icon='\ue87d' data-av_iconfont='entypo-fontello'>Pr\u00f3ximo<\/a><\/div><div class='avia-slideshow-dots avia-slideshow-controls'><a href='#1' class='goto-slide active' >1<\/a><a href='#2' class='goto-slide ' >2<\/a><\/div><\/div><\/p><\/div><div class=\"flex_column av_one_half  flex_column_div av-zero-column-padding   avia-builder-el-8  el_after_av_one_half  el_before_av_one_full  \" style='border-radius:0px; '><section class=\"av_textblock_section \"  itemscope=\"itemscope\" itemtype=\"https:\/\/schema.org\/CreativeWork\" ><div class='avia_textblock  av_inherit_color '  style='color:#83a846; '  itemprop=\"text\" ><h2><strong> \u201cRecordar hoje \u00e9 meu tema\u201d!<\/strong><\/h2>\n<\/div><\/section><br \/>\n<section class=\"av_textblock_section \"  itemscope=\"itemscope\" itemtype=\"https:\/\/schema.org\/CreativeWork\" ><div class='avia_textblock  '   itemprop=\"text\" ><p>Campina Grande \u00e9 reconhecida nacional e internacionalmente como a terra do Maior S\u00e3o Jo\u00e3o do Mundo, evento esse que acontece durante os trinta dias do m\u00eas de junho para comemorar os tradicionais festejos juninos. Todavia, nem sempre o S\u00e3o Jo\u00e3o de Campina Grande aconteceu no Parque do Povo.<\/p>\n<p>Dona Carmita de Ara\u00fajo foi respons\u00e1vel pelas primeiras festas juninas da Rainha da Borborema que temos registro, no formato de quadrilha de rua, nas imedia\u00e7\u00f5es da antiga Rua da Floresta, atual Rua Jo\u00e3o Louren\u00e7o Porto. O evento reunia toda a comunidade e era anunciado e coberto pelas r\u00e1dios locais. A partir dessa iniciativa, os bairros da cidade tamb\u00e9m organizaram suas pr\u00f3prias quadrilhas de rua iniciando a tradi\u00e7\u00e3o.<\/p>\n<p>Diferente dos dias atuais, n\u00e3o havia bailarinos profissionais ou uma festa centralizada, os pr\u00f3prios moradores das ruas compunham o elenco das quadrilhas e em v\u00e1rias casas realizavam as festas comemorativas, as quais ficaram conhecidas como \u201cassustados\u201d.<\/p>\n<p>O cen\u00e1rio s\u00f3 passa a mudar em 1979, quando Edvaldo do \u00d3, \u00e0 \u00e9poca, Secret\u00e1rio do Prefeito Enivaldo Ribeiro, que j\u00e1 vinha planejando a cidade como potencial tur\u00edstico, convida Alexandre Djukitch para a elabora\u00e7\u00e3o de um projeto junino, onde as quadrilhas de todos os bairros pudessem desfilar e unificar o S\u00e3o Jo\u00e3o em um \u00fanico lugar.<\/p>\n<p>Com muita discuss\u00e3o sobre onde seria instalado o futuro \u201cQuartel General do Forr\u00f3\u201d, optaram pelos Coqueirais de Z\u00e9 Rodrigues, entre o A\u00e7ude Velho e o A\u00e7ude Novo, onde j\u00e1 eram realizados festas juninas por Joca Amaral, dando in\u00edcio ao primeiro evento municipal no S\u00e3o Jo\u00e3o de 1982, no lugar que viria a ser o Parque do Povo.<\/p>\n<p>O espa\u00e7o ainda era rudimentar, com apenas uma palho\u00e7a improvisada e ch\u00e3o de terra batida, mas foi um sucesso desde a primeira edi\u00e7\u00e3o, sendo novamente realizado no S\u00e3o Jo\u00e3o de 1983, na administra\u00e7\u00e3o do Prefeito Ronaldo Cunha Lima, que decidiu criar uma megaestrutura no lugar, dando in\u00edcio \u00e0s obras do Parque do Povo.<\/p>\n<p>Projeto elaborado pelo arquiteto Carlos Alberto Almeida e constru\u00eddo pela Enarq, o espa\u00e7o consistia de uma \u00e1rea pavimentada de 42,500 m<sup>2<\/sup>, contendo uma gigantesca fogueira em formato de pir\u00e2mide, inaugurado em 14 de maio de 1986. J\u00e1 nessa edi\u00e7\u00e3o, o evento contou com 30 dias de festa e j\u00e1 era intitulado \u201cO Maior S\u00e3o Jo\u00e3o do Mundo\u201d.<\/p>\n<p>Aproveitando o ensejo do Parque do Povo, diversas casas de show foram abertas na cidade, como o Forrock e o Spazzio, al\u00e9m de tantos outros espa\u00e7os. Atualmente, o S\u00e3o Jo\u00e3o \u00e9 inerente a cultura campinense, diversos espa\u00e7os se dedicam \u00e0 essa cultura, adicionando ritmos e temperos \u00e0 Campina.<\/p>\n<p>Mas nem s\u00f3 de S\u00e3o Jo\u00e3o vive a Rainha da Borborema, a cidade contou com eventos como a Micarande e outros carnavais fora de \u00e9poca, e hoje vivencia o Carnaval da Paz, Motofest, e o Natal Iluminado, al\u00e9m de outros eventos sazonais.<\/p>\n<p>Al\u00e9m dos eventos, Campina conta com diversos espa\u00e7os tur\u00edsticos, como o Museu Hist\u00f3rico, Museu do Algod\u00e3o, Museu Digital, Museu de Arte Popular, Museu Assis Chateaubriand, Museu do S\u00e3o Jo\u00e3o, Parque Vergniaud Wanderley, Parque Evaldo Cruz, Parque da Crian\u00e7a e agora, o Parque Dinam\u00e9rica.<\/p>\n<p>\u201cGrande festa nordestina<\/p>\n<p>Forr\u00f3 a cada segundo<\/p>\n<p>N\u00f3s fazemos em Campina<\/p>\n<p>O Maior S\u00e3o Jo\u00e3o do Mundo!\u201d<\/p>\n<p>(Ronaldo Cunha Lima)<\/p>\n<\/div><\/section><\/p><\/div><div class=\"flex_column av_one_full  flex_column_div av-zero-column-padding first  avia-builder-el-11  el_after_av_one_half  el_before_av_tab_section  avia-builder-el-last  column-top-margin\" style='border-radius:0px; '><section class=\"av_textblock_section \"  itemscope=\"itemscope\" itemtype=\"https:\/\/schema.org\/CreativeWork\" ><div class='avia_textblock  '   itemprop=\"text\" ><h2 style=\"text-align: center;\"><span style=\"color: #808000;\"><span style=\"font-size: 18.6667px;\">HIST\u00d3RIA EM V\u00cdDEOS<\/span><\/span><\/h2>\n<\/div><\/section><\/div><\/p>\n<\/div><\/div><\/div><!-- close content main div --><\/div><\/div><div id='av-tab-section-1'  class='av-tab-section-container entry-content-wrapper main_color av-tab-slide-transition av-tab-content-auto  av-tab-above-content  avia-builder-el-13  el_after_av_one_full  el_before_av_hr  submenu-not-first container_wrap sidebar_right' style=' '  ><div class='av-tab-section-outer-container'><div class='av-tab-section-tab-title-container avia-tab-title-padding-default '  role='tablist'><a href='#vdeo-1' data-av-tab-section-title='1' class='av-section-tab-title av-active-tab-title no-scroll av-tab-no-icon av-tab-no-image  ' role='tab' tabindex='0' aria-controls='av-tab-section-1-1'><span class='av-outer-tab-title'><span class='av-inner-tab-title'>V\u00eddeo 1<\/span><\/span><span class='av-tab-arrow-container'><span><\/span><\/span><\/a><a href='#vdeo-2' data-av-tab-section-title='2' class='av-section-tab-title  av-tab-no-icon av-tab-no-image  ' role='tab' tabindex='0' aria-controls='av-tab-section-1-2'><span class='av-outer-tab-title'><span class='av-inner-tab-title'>V\u00eddeo 2<\/span><\/span><span class='av-tab-arrow-container'><span><\/span><\/span><\/a><a href='#vdeo-3' data-av-tab-section-title='3' class='av-section-tab-title  av-tab-no-icon av-tab-no-image  ' role='tab' tabindex='0' aria-controls='av-tab-section-1-3'><span class='av-outer-tab-title'><span class='av-inner-tab-title'>V\u00eddeo 3<\/span><\/span><span class='av-tab-arrow-container'><span><\/span><\/span><\/a><a href='#vdeo-4' data-av-tab-section-title='4' class='av-section-tab-title  av-tab-no-icon av-tab-no-image  ' role='tab' tabindex='0' aria-controls='av-tab-section-1-4'><span class='av-outer-tab-title'><span class='av-inner-tab-title'>V\u00eddeo 4<\/span><\/span><span class='av-tab-arrow-container'><span><\/span><\/span><\/a><\/div><div class='av-tab-section-inner-container avia-section-default' style='width:400vw; left:0%;'><span class='av_prev_tab_section av_tab_navigation'><\/span><span class='av_next_tab_section av_tab_navigation'><\/span>\n<div id=\"av-tab-section-1-1\" data-av-tab-section-content=\"1\" class=\"av-layout-tab av-animation-delay-container av-active-tab-content __av_init_open  avia-builder-el-14  el_before_av_tab_sub_section  avia-builder-el-first   \" style='vertical-align:top; '  data-tab-section-id=\"vdeo-1\"><div class='av-layout-tab-inner'><div class='container'><div  class='avia-video avia-video-16-9   av-lazyload-immediate  av-lazyload-video-embed  '   itemprop=\"video\" itemtype=\"https:\/\/schema.org\/VideoObject\"  data-original_url='https:\/\/www.youtube.com\/watch?v=6BdwDGLNKaQ&amp;ab_channel=OS%C3%A3oJo%C3%A3odeCampinaemCasa' ><script type='text\/html' class='av-video-tmpl'><div class='avia-iframe-wrap'><iframe loading=\"lazy\" title=\"Hist\u00f3ria do S\u00e3o Jo\u00e3o de Campina Grande\/PB\" width=\"1500\" height=\"844\" src=\"https:\/\/www.youtube.com\/embed\/6BdwDGLNKaQ?feature=oembed&autoplay=0&loop=0&controls=1&mute=0\" frameborder=\"0\" allow=\"accelerometer; autoplay; clipboard-write; encrypted-media; gyroscope; picture-in-picture\" allowfullscreen><\/iframe><\/div><\/script><div class='av-click-to-play-overlay'><div class=\"avia_playpause_icon\"><\/div><\/div><\/div>\n<\/div><\/div><\/div><div id=\"av-tab-section-1-2\" data-av-tab-section-content=\"2\" class=\"av-layout-tab av-animation-delay-container   avia-builder-el-16  el_after_av_tab_sub_section  el_before_av_tab_sub_section   \" style='vertical-align:top; '  data-tab-section-id=\"vdeo-2\"><div class='av-layout-tab-inner'><div class='container'><div  class='avia-video avia-video-16-9   av-lazyload-immediate  av-lazyload-video-embed  '   itemprop=\"video\" itemtype=\"https:\/\/schema.org\/VideoObject\"  data-original_url='https:\/\/www.youtube.com\/watch?v=2CJPUFoNxtQ&amp;ab_channel=RetalhosHist%C3%B3ricosdeCampinaGrande' ><script type='text\/html' class='av-video-tmpl'><div class='avia-iframe-wrap'><iframe loading=\"lazy\" title=\"Document\u00e1rio sobre Campina Grande\" width=\"1333\" height=\"1000\" src=\"https:\/\/www.youtube.com\/embed\/2CJPUFoNxtQ?feature=oembed&autoplay=0&loop=0&controls=1&mute=0\" frameborder=\"0\" allow=\"accelerometer; autoplay; clipboard-write; encrypted-media; gyroscope; picture-in-picture\" allowfullscreen><\/iframe><\/div><\/script><div class='av-click-to-play-overlay'><div class=\"avia_playpause_icon\"><\/div><\/div><\/div>\n<\/div><\/div><\/div><div id=\"av-tab-section-1-3\" data-av-tab-section-content=\"3\" class=\"av-layout-tab av-animation-delay-container   avia-builder-el-18  el_after_av_tab_sub_section  el_before_av_tab_sub_section   \" style='vertical-align:top; '  data-tab-section-id=\"vdeo-3\"><div class='av-layout-tab-inner'><div class='container'><div  class='avia-video avia-video-16-9   av-lazyload-immediate  av-lazyload-video-embed  '   itemprop=\"video\" itemtype=\"https:\/\/schema.org\/VideoObject\"  data-original_url='https:\/\/www.youtube.com\/watch?v=vWZFHdZfnys&amp;ab_channel=ParaibaOnline' ><script type='text\/html' class='av-video-tmpl'><div class='avia-iframe-wrap'><iframe loading=\"lazy\" title=\"Para manter a tradi\u00e7\u00e3o, reportagem visita f\u00e1brica de pamonha e canjica em Campina\" width=\"1500\" height=\"844\" src=\"https:\/\/www.youtube.com\/embed\/vWZFHdZfnys?feature=oembed&autoplay=0&loop=0&controls=1&mute=0\" frameborder=\"0\" allow=\"accelerometer; autoplay; clipboard-write; encrypted-media; gyroscope; picture-in-picture\" allowfullscreen><\/iframe><\/div><\/script><div class='av-click-to-play-overlay'><div class=\"avia_playpause_icon\"><\/div><\/div><\/div>\n<\/div><\/div><\/div><div id=\"av-tab-section-1-4\" data-av-tab-section-content=\"4\" class=\"av-layout-tab av-animation-delay-container   avia-builder-el-20  el_after_av_tab_sub_section  avia-builder-el-last   \" style='vertical-align:top; '  data-tab-section-id=\"vdeo-4\"><div class='av-layout-tab-inner'><div class='container'><div  class='avia-video avia-video-16-9   av-lazyload-immediate  av-lazyload-video-embed  '   itemprop=\"video\" itemtype=\"https:\/\/schema.org\/VideoObject\"  data-original_url='https:\/\/www.youtube.com\/watch?v=_tI2Ktt_SUQ&amp;ab_channel=RetalhosHist%C3%B3ricosdeCampinaGrande' ><script type='text\/html' class='av-video-tmpl'><div class='avia-iframe-wrap'><iframe loading=\"lazy\" title=\"Campina de Outrora\" width=\"1333\" height=\"1000\" src=\"https:\/\/www.youtube.com\/embed\/_tI2Ktt_SUQ?feature=oembed&autoplay=0&loop=0&controls=1&mute=0\" frameborder=\"0\" allow=\"accelerometer; autoplay; clipboard-write; encrypted-media; gyroscope; picture-in-picture\" allowfullscreen><\/iframe><\/div><\/script><div class='av-click-to-play-overlay'><div class=\"avia_playpause_icon\"><\/div><\/div><\/div>\n<\/div><\/div><\/div><\/div><\/div><\/div><div id='after_submenu'  class='main_color av_default_container_wrap container_wrap sidebar_right' style=' '  ><div class='container' ><div class='template-page content  av-content-small alpha units'><div class='post-entry post-entry-type-page post-entry-1303'><div class='entry-content-wrapper clearfix'><div  style='height:60px' class='hr hr-invisible   avia-builder-el-22  el_after_av_tab_section  el_before_av_section  avia-builder-el-no-sibling '><span class='hr-inner ' ><span class='hr-inner-style'><\/span><\/span><\/div><\/p>\n<\/div><\/div><\/div><!-- close content main div --><\/div><\/div><div id='av_section_2'  class='avia-section main_color avia-section-no-padding avia-no-border-styling  avia-bg-style-scroll  avia-builder-el-23  el_after_av_hr  avia-builder-el-last   container_wrap sidebar_right' style='background-repeat: no-repeat; background-image: url(https:\/\/observa.campinagrande.br\/wp-content\/uploads\/2021\/03\/topbg.png);background-attachment: scroll; background-position: bottom center;  '  data-section-bg-repeat='no-repeat'><div class='container' ><div class='template-page content  av-content-small alpha units'><div class='post-entry post-entry-type-page post-entry-1303'><div class='entry-content-wrapper clearfix'>\n<div class=\"flex_column av_two_fifth  flex_column_div av-zero-column-padding first  avia-builder-el-24  el_before_av_one_fourth  avia-builder-el-first  \" style='border-radius:0px; '><div  class='avia-image-container  av-styling-    avia-builder-el-25  avia-builder-el-no-sibling  avia-align-center '  itemprop=\"image\" itemscope=\"itemscope\" itemtype=\"https:\/\/schema.org\/ImageObject\"  ><div class='avia-image-container-inner'><div class='avia-image-overlay-wrap'><img decoding=\"async\" class='wp-image-91 avia-img-lazy-loading-not-91 avia_image' src=\"https:\/\/observa.campinagrande.br\/wp-content\/uploads\/2021\/03\/logos_bottom.png\" alt='' title='logos_bottom' height=\"125\" width=\"755\"  itemprop=\"thumbnailUrl\" srcset=\"https:\/\/observa.campinagrande.br\/wp-content\/uploads\/2021\/03\/logos_bottom.png 755w, https:\/\/observa.campinagrande.br\/wp-content\/uploads\/2021\/03\/logos_bottom-300x50.png 300w, https:\/\/observa.campinagrande.br\/wp-content\/uploads\/2021\/03\/logos_bottom-705x117.png 705w\" sizes=\"(max-width: 755px) 100vw, 755px\" \/><\/div><\/div><\/div><\/div><div class=\"flex_column av_one_fourth  flex_column_div av-zero-column-padding   avia-builder-el-26  el_after_av_two_fifth  el_before_av_one_fourth  \" style='border-radius:0px; '><section class=\"av_textblock_section \"  itemscope=\"itemscope\" itemtype=\"https:\/\/schema.org\/CreativeWork\" ><div class='avia_textblock  '   itemprop=\"text\" ><p style=\"text-align: left;\">Copyright 2023 \u00a9<br \/>\nObservat\u00f3rio de Campina Grande<\/p>\n<\/div><\/section><\/div><div class=\"flex_column av_one_fourth  flex_column_div av-zero-column-padding   avia-builder-el-28  el_after_av_one_fourth  el_before_av_hr  \" style='border-radius:0px; '><div  class='av-social-sharing-box  avia-builder-el-29  avia-builder-el-no-sibling  '><div class='av-share-box'><ul class='av-share-box-list noLightbox'><li class='av-share-link av-social-link-facebook' ><a target=\"_blank\" aria-label=\"Share on Facebook\" href='https:\/\/www.facebook.com\/sharer.php?u=https:\/\/observa.campinagrande.br\/index.php\/campina-8\/&#038;t=Campina%20VIII' aria-hidden='false' data-av_icon='\ue8f3' data-av_iconfont='entypo-fontello' title='' data-avia-related-tooltip='Share on Facebook' rel=\"noopener\"><span class='avia_hidden_link_text'>Share on Facebook<\/span><\/a><\/li><li class='av-share-link av-social-link-twitter' ><a target=\"_blank\" aria-label=\"Share on Twitter\" href='https:\/\/twitter.com\/share?text=Campina%20VIII&#038;url=https:\/\/observa.campinagrande.br\/?p=1303' aria-hidden='false' data-av_icon='\ue8f1' data-av_iconfont='entypo-fontello' title='' data-avia-related-tooltip='Share on Twitter' rel=\"noopener\"><span class='avia_hidden_link_text'>Share on Twitter<\/span><\/a><\/li><li class='av-share-link av-social-link-whatsapp' ><a target=\"_blank\" aria-label=\"Share on WhatsApp\" href='https:\/\/api.whatsapp.com\/send?text=https:\/\/observa.campinagrande.br\/index.php\/campina-8\/' aria-hidden='false' data-av_icon='\uf232' data-av_iconfont='entypo-fontello' title='' data-avia-related-tooltip='Share on WhatsApp' rel=\"noopener\"><span class='avia_hidden_link_text'>Share on WhatsApp<\/span><\/a><\/li><li class='av-share-link av-social-link-mail' ><a  aria-label=\"Share by Mail\" href='mailto:?subject=Campina%20VIII&#038;body=https:\/\/observa.campinagrande.br\/index.php\/campina-8\/' aria-hidden='false' data-av_icon='\ue805' data-av_iconfont='entypo-fontello' title='' data-avia-related-tooltip='Share by Mail'><span class='avia_hidden_link_text'>Share by Mail<\/span><\/a><\/li><\/ul><\/div><\/div><\/div><div  style='height:15px' class='hr hr-invisible   avia-builder-el-30  el_after_av_one_fourth  avia-builder-el-last '><span class='hr-inner ' ><span class='hr-inner-style'><\/span><\/span><\/div>\n<\/div><\/div><\/div><!-- close content main div --><\/div><\/div><div id='after_section_2'  class='main_color av_default_container_wrap container_wrap sidebar_right' style=' '  ><div class='container' ><div class='template-page content  av-content-small alpha units'><div class='post-entry post-entry-type-page post-entry-1303'><div class='entry-content-wrapper clearfix'>\n","protected":false},"excerpt":{"rendered":"","protected":false},"author":1,"featured_media":0,"parent":0,"menu_order":0,"comment_status":"closed","ping_status":"closed","template":"","meta":{"footnotes":""},"class_list":["post-1303","page","type-page","status-publish","hentry"],"_links":{"self":[{"href":"https:\/\/observa.campinagrande.br\/index.php\/wp-json\/wp\/v2\/pages\/1303","targetHints":{"allow":["GET"]}}],"collection":[{"href":"https:\/\/observa.campinagrande.br\/index.php\/wp-json\/wp\/v2\/pages"}],"about":[{"href":"https:\/\/observa.campinagrande.br\/index.php\/wp-json\/wp\/v2\/types\/page"}],"author":[{"embeddable":true,"href":"https:\/\/observa.campinagrande.br\/index.php\/wp-json\/wp\/v2\/users\/1"}],"replies":[{"embeddable":true,"href":"https:\/\/observa.campinagrande.br\/index.php\/wp-json\/wp\/v2\/comments?post=1303"}],"version-history":[{"count":2,"href":"https:\/\/observa.campinagrande.br\/index.php\/wp-json\/wp\/v2\/pages\/1303\/revisions"}],"predecessor-version":[{"id":1324,"href":"https:\/\/observa.campinagrande.br\/index.php\/wp-json\/wp\/v2\/pages\/1303\/revisions\/1324"}],"wp:attachment":[{"href":"https:\/\/observa.campinagrande.br\/index.php\/wp-json\/wp\/v2\/media?parent=1303"}],"curies":[{"name":"wp","href":"https:\/\/api.w.org\/{rel}","templated":true}]}}