{"id":1286,"date":"2022-12-26T09:58:53","date_gmt":"2022-12-26T12:58:53","guid":{"rendered":"http:\/\/observa.campinagrande.br\/?page_id=1286"},"modified":"2022-12-26T09:59:59","modified_gmt":"2022-12-26T12:59:59","slug":"campina-5","status":"publish","type":"page","link":"https:\/\/observa.campinagrande.br\/index.php\/campina-5\/","title":{"rendered":"Campina V"},"content":{"rendered":"<div id='av_section_1'  class='avia-section main_color avia-section-default avia-no-border-styling  av-section-color-overlay-active avia-bg-style-scroll  avia-builder-el-0  el_before_av_one_half  avia-builder-el-first   av-minimum-height av-minimum-height-custom  av-section-with-video-bg container_wrap sidebar_right' style=' '   data-section-video-ratio='16:9'><div   data-size='featured'  data-lightbox_size='large'  data-animation='slide'  data-conditional_play=''  data-ids=''  data-video_counter='1'  data-autoplay='false'  data-bg_slider='false'  data-slide_height=''  data-handle=''  data-interval='5'  data-class=' av-section-video-bg'  data-el_id=''  data-css_id=''  data-scroll_down=''  data-control_layout=''  data-custom_markup=''  data-perma_caption=''  data-autoplay_stopper=''  data-image_attachment=''  data-min_height='0px'  data-lazy_loading='disabled'  data-default-height='28.6666666667'  class='avia-slideshow avia-slideshow-1  av-default-height-applied avia-slideshow-featured   av-section-video-bg avia-slide-slider '  itemprop=\"image\" itemscope=\"itemscope\" itemtype=\"https:\/\/schema.org\/ImageObject\" ><ul class='avia-slideshow-inner ' style='padding-bottom: 28.6666666667%;' ><li  data-controls='disabled' data-mute='aviaTBaviaTBvideo_mute' data-loop='1' data-disable-autoplay=''  data-video-ratio='3.48837209302' class=' av-video-slide  av-video-service-vimeo  av-hide-video-controls av-mute-video av-loop-video av-single-slide slide-1 ' ><div data-rel='slideshow-1' class='avia-slide-wrap '   ><div class='av-click-overlay'><\/div><div class='mejs-mediaelement'><div data-src='\/\/player.vimeo.com\/video\/579461520?portrait=0&#038;byline=0&#038;title=0&#038;badge=0&#038;loop=1&#038;autopause=0&#038;api=1&#038;rel=0&#038;player_id=player_1286_1158262992_1553108131&#038;color=719430' data-original_url='https:\/\/vimeo.com\/579461520' height='1600' width='900' class='av_vimeo_frame' id='player_1286_1158262992_1553108131'><\/div><\/div><div class='av-click-to-play-overlay'><div class=\"avia_playpause_icon\"><\/div><\/div><\/div><\/li><\/ul><\/div><div class='av-section-color-overlay-wrap'><div class='av-section-color-overlay' style='opacity: 0.5; background-color: #000000; '><\/div><div class='container' style='height:250px'><main  role=\"main\" itemprop=\"mainContentOfPage\"  class='template-page content  av-content-small alpha units'><div class='post-entry post-entry-type-page post-entry-1286'><div class='entry-content-wrapper clearfix'>\n<div class=\"flex_column av_one_full  flex_column_div av-zero-column-padding first  avia-builder-el-1  el_before_av_two_third  avia-builder-el-first  \" style='border-radius:0px; '><p><div   class='hr hr-default   avia-builder-el-2  el_before_av_heading  avia-builder-el-first '><span class='hr-inner ' ><span class='hr-inner-style'><\/span><\/span><\/div><br \/>\n<div  style='padding-bottom:10px; color:#ffffff;' class='av-special-heading av-special-heading-h2 custom-color-heading blockquote modern-quote  avia-builder-el-3  el_after_av_hr  avia-builder-el-last  '><h2 class='av-special-heading-tag '  itemprop=\"headline\"  >Campina V<\/h2><div class='special-heading-border'><div class='special-heading-inner-border' style='border-color:#ffffff'><\/div><\/div><\/div><\/p><\/div><div class=\"flex_column av_two_third  flex_column_div av-zero-column-padding first  avia-builder-el-4  el_after_av_one_full  avia-builder-el-last  column-top-margin\" style='border-radius:0px; '><\/div><\/div><\/div><\/main><!-- close content main element --><\/div><\/div><\/div><div id='after_section_1'  class='main_color av_default_container_wrap container_wrap sidebar_right' style=' '  ><div class='container' ><div class='template-page content  av-content-small alpha units'><div class='post-entry post-entry-type-page post-entry-1286'><div class='entry-content-wrapper clearfix'><div class=\"flex_column av_one_half  flex_column_div av-zero-column-padding first  avia-builder-el-5  el_after_av_section  el_before_av_one_half  avia-builder-el-first  \" style='border-radius:0px; '><section class=\"av_textblock_section \"  itemscope=\"itemscope\" itemtype=\"https:\/\/schema.org\/CreativeWork\" ><div class='avia_textblock  av_inherit_color '  style='color:#83a846; '  itemprop=\"text\" ><h2><strong>A Rainha do Futebol \u2013 campinenses e campinagrandenses<\/strong><\/h2>\n<h2><\/h2>\n<\/div><\/section><br \/>\n<div   data-size='medium'  data-lightbox_size='large'  data-animation='slide'  data-conditional_play=''  data-ids='1287,1288'  data-video_counter='0'  data-autoplay='true'  data-bg_slider='false'  data-slide_height=''  data-handle='av_slideshow'  data-interval='5'  data-class=' avia-builder-el-7  el_after_av_textblock  avia-builder-el-last   avia-small-width-slider avia-super-small-width-slider'  data-el_id=''  data-css_id=''  data-scroll_down=''  data-control_layout='av-control-minimal'  data-custom_markup=''  data-perma_caption=''  data-autoplay_stopper=''  data-image_attachment=''  data-min_height='0px'  data-lazy_loading='disabled'  class='avia-slideshow avia-slideshow-2  av-control-minimal av-default-height-applied avia-slideshow-medium av_slideshow  avia-builder-el-7  el_after_av_textblock  avia-builder-el-last   avia-small-width-slider avia-super-small-width-slider avia-slide-slider '  itemprop=\"image\" itemscope=\"itemscope\" itemtype=\"https:\/\/schema.org\/ImageObject\" ><ul class='avia-slideshow-inner ' style='padding-bottom: 53.3333333333%;' ><li  class=' slide-1 ' ><div data-rel='slideshow-2' class='avia-slide-wrap '   ><div class=\"avia-caption av-slideshow-caption\"><div class=\"avia-inner-caption\"><div class='avia-caption-content  '  itemprop=\"description\"  ><p>Cl\u00e1ssico dos Maiorais: Treze x Campinense<\/p>\n<\/div><\/div><\/div><img decoding=\"async\" class=\"wp-image-1287 avia-img-lazy-loading-not-1287\"  src=\"https:\/\/observa.campinagrande.br\/wp-content\/uploads\/2022\/12\/acude9-300x160.jpg\" width=\"300\" height=\"160\" title='acude9' alt=''  itemprop=\"thumbnailUrl\" srcset=\"https:\/\/observa.campinagrande.br\/wp-content\/uploads\/2022\/12\/acude9-300x160.jpg 300w, https:\/\/observa.campinagrande.br\/wp-content\/uploads\/2022\/12\/acude9-768x410.jpg 768w, https:\/\/observa.campinagrande.br\/wp-content\/uploads\/2022\/12\/acude9-705x376.jpg 705w, https:\/\/observa.campinagrande.br\/wp-content\/uploads\/2022\/12\/acude9.jpg 924w\" sizes=\"(max-width: 300px) 100vw, 300px\" \/><\/div><\/li><li  class=' slide-2 ' ><div data-rel='slideshow-2' class='avia-slide-wrap '   ><div class=\"avia-caption av-slideshow-caption\"><div class=\"avia-inner-caption\"><div class='avia-caption-content  '  itemprop=\"description\"  ><p>Est\u00e1dio Presidente Vargas em 1940<\/p>\n<\/div><\/div><\/div><img decoding=\"async\" class=\"wp-image-1288 avia-img-lazy-loading-not-1288\"  src=\"https:\/\/observa.campinagrande.br\/wp-content\/uploads\/2022\/12\/acude10-300x227.jpg\" width=\"300\" height=\"227\" title='acude10' alt=''  itemprop=\"thumbnailUrl\" srcset=\"https:\/\/observa.campinagrande.br\/wp-content\/uploads\/2022\/12\/acude10-300x227.jpg 300w, https:\/\/observa.campinagrande.br\/wp-content\/uploads\/2022\/12\/acude10.jpg 640w\" sizes=\"(max-width: 300px) 100vw, 300px\" \/><\/div><\/li><\/ul><div class='avia-slideshow-arrows avia-slideshow-controls'><a href='#prev' class='prev-slide' aria-hidden='true' data-av_icon='\ue87c' data-av_iconfont='entypo-fontello'>Anterior<\/a><a href='#next' class='next-slide' aria-hidden='true' data-av_icon='\ue87d' data-av_iconfont='entypo-fontello'>Pr\u00f3ximo<\/a><\/div><div class='avia-slideshow-dots avia-slideshow-controls'><a href='#1' class='goto-slide active' >1<\/a><a href='#2' class='goto-slide ' >2<\/a><\/div><\/div><\/p><\/div><div class=\"flex_column av_one_half  flex_column_div av-zero-column-padding   avia-builder-el-8  el_after_av_one_half  el_before_av_one_full  \" style='border-radius:0px; '><section class=\"av_textblock_section \"  itemscope=\"itemscope\" itemtype=\"https:\/\/schema.org\/CreativeWork\" ><div class='avia_textblock  av_inherit_color '  style='color:#83a846; '  itemprop=\"text\" ><h2><strong> \u201cRecordar hoje \u00e9 meu tema\u201d!<\/strong><\/h2>\n<\/div><\/section><br \/>\n<section class=\"av_textblock_section \"  itemscope=\"itemscope\" itemtype=\"https:\/\/schema.org\/CreativeWork\" ><div class='avia_textblock  '   itemprop=\"text\" ><p>Campina Grande \u00e9 a capital do futebol paraibano, nela figura n\u00e3o apenas dois dos maiores clubes de futebol do Estado, mas tamb\u00e9m um dos maiores cl\u00e1ssicos regionais, \u201cOs Maiorais\u201d. Al\u00e9m de Treze e Campinense, outros clubes como Desportiva Perilima, Gr\u00eamio Serrano e Desportiva Borborema atuam nos campos do munic\u00edpio. O mais antigo clube de Campina Grande \u00e9 o Campinense Clube, que, por sua vez, possui o mesmo codinome do nativo do munic\u00edpio, gerando a saud\u00e1vel brincadeira dos torcedores advers\u00e1rios de se denominarem \u201ccampinagrandenses\u201d.<\/p>\n<p>O Campinense foi fundado em 1915, como \u201cSociedade Recreativa Campinense Club\u201d. A princ\u00edpio, surgiu como uma agremia\u00e7\u00e3o social, promovendo bailes carnavalescos e juninos, quermesses e diversos encontros culturais da sociedade campinense, apenas em 1917, o clube ganha seu departamento desportivo, vencendo sua primeira partida em 1919. Pouco depois o Campinense encerra suas atividades esportivas e volta a competir apenas em atividades sociais disputando com o Alian\u00e7a Clube 31. Em 1950 o Campinense retoma suas atividades esportivas de forma amadora e em 1958 o clube se profissionaliza, e de imediato se apresenta como um dos melhores da Para\u00edba.<\/p>\n<p>O primeiro est\u00e1dio do Campinense foi o Pl\u00ednio Lemos (1958), em uma parceria com a Prefeitura de Campina Grande, essa parceria \u00e9 encerrada em 1999 e em 2006 o clube conclui seu pr\u00f3prio est\u00e1dio, o Renat\u00e3o, conhecido como \u201cToca da Raposa\u201d. Destaca-se no Campinense o t\u00edtulo Heleno Lopes de 1977, os 6 t\u00edtulos do Torneio In\u00edcio do Campeonato Paraibano, as 2 Copas Para\u00edba, os 22 t\u00edtulos do Campeonato Paraibano, e os t\u00edtulos da Copa Nordeste (2013), Ta\u00e7a Brasil Zona Nordeste (1962) e o Torneio Para\u00edba \u2013 Rio Grande do Norte (1962).<\/p>\n<p>O Treze Futebol Clube, tamb\u00e9m conhecido como Galo da Borborema, foi fundado em 1925, por Ant\u00f4nio Bi\u00f3ca e iniciou sua trajet\u00f3ria esportiva j\u00e1 em 1926. Recebeu esse nome pelo fato de serem 13 o n\u00famero de fundadores da equipe. A estrela em cima do seu bras\u00e3o se refere ao t\u00edtulo invicto do Campeonato Paraibano de 1966. Em 1968 o Treze teve a honra de ter o craque Garrincha vestido sua camisa em uma partida amistosa contra a Rom\u00eania.<\/p>\n<p>Em 1940 foi fundado o Est\u00e1dio Presidente Vargas, no Bairro do S\u00e3o Jos\u00e9, tornando o clube possuidor de um dos maiores est\u00e1dios particulares do Nordeste. Destaca-se no Treze os 22 t\u00edtulos municipais de Campina Grande, os 5 t\u00edtulos do Torneio In\u00edcio do Campeonato Paraibano, a Copa Para\u00edba de 2009 e os 16 t\u00edtulos do Campeonato Paraibano. Um t\u00edtulo adotado pela torcida \u00e9 o de Campe\u00e3o da S\u00e9rie B de de1986.<\/p>\n<\/div><\/section><\/p><\/div><div class=\"flex_column av_one_full  flex_column_div av-zero-column-padding first  avia-builder-el-11  el_after_av_one_half  el_before_av_tab_section  avia-builder-el-last  column-top-margin\" style='border-radius:0px; '><section class=\"av_textblock_section \"  itemscope=\"itemscope\" itemtype=\"https:\/\/schema.org\/CreativeWork\" ><div class='avia_textblock  '   itemprop=\"text\" ><h2 style=\"text-align: center;\"><span style=\"color: #808000;\"><span style=\"font-size: 18.6667px;\">HIST\u00d3RIA EM V\u00cdDEOS<\/span><\/span><\/h2>\n<\/div><\/section><\/div><\/p>\n<\/div><\/div><\/div><!-- close content main div --><\/div><\/div><div id='av-tab-section-1'  class='av-tab-section-container entry-content-wrapper main_color av-tab-slide-transition av-tab-content-auto  av-tab-above-content  avia-builder-el-13  el_after_av_one_full  el_before_av_hr  submenu-not-first container_wrap sidebar_right' style=' '  ><div class='av-tab-section-outer-container'><div class='av-tab-section-tab-title-container avia-tab-title-padding-default '  role='tablist'><a href='#vdeo-1' data-av-tab-section-title='1' class='av-section-tab-title av-active-tab-title no-scroll av-tab-no-icon av-tab-no-image  ' role='tab' tabindex='0' aria-controls='av-tab-section-1-1'><span class='av-outer-tab-title'><span class='av-inner-tab-title'>V\u00eddeo 1<\/span><\/span><span class='av-tab-arrow-container'><span><\/span><\/span><\/a><a href='#vdeo-2' data-av-tab-section-title='2' class='av-section-tab-title  av-tab-no-icon av-tab-no-image  ' role='tab' tabindex='0' aria-controls='av-tab-section-1-2'><span class='av-outer-tab-title'><span class='av-inner-tab-title'>V\u00eddeo 2<\/span><\/span><span class='av-tab-arrow-container'><span><\/span><\/span><\/a><a href='#vdeo-3' data-av-tab-section-title='3' class='av-section-tab-title  av-tab-no-icon av-tab-no-image  ' role='tab' tabindex='0' aria-controls='av-tab-section-1-3'><span class='av-outer-tab-title'><span class='av-inner-tab-title'>V\u00eddeo 3<\/span><\/span><span class='av-tab-arrow-container'><span><\/span><\/span><\/a><\/div><div class='av-tab-section-inner-container avia-section-default' style='width:300vw; left:0%;'><span class='av_prev_tab_section av_tab_navigation'><\/span><span class='av_next_tab_section av_tab_navigation'><\/span>\n<div id=\"av-tab-section-1-1\" data-av-tab-section-content=\"1\" class=\"av-layout-tab av-animation-delay-container av-active-tab-content __av_init_open  avia-builder-el-14  el_before_av_tab_sub_section  avia-builder-el-first   \" style='vertical-align:top; '  data-tab-section-id=\"vdeo-1\"><div class='av-layout-tab-inner'><div class='container'><div  class='avia-video avia-video-16-9   av-lazyload-immediate  av-lazyload-video-embed  '   itemprop=\"video\" itemtype=\"https:\/\/schema.org\/VideoObject\"  data-original_url='https:\/\/www.youtube.com\/watch?v=Htkz_rzq0yo&amp;ab_channel=S%C3%93POSTEREFOTOSDETIMESDEFUTEBOL' ><script type='text\/html' class='av-video-tmpl'><div class='avia-iframe-wrap'><iframe loading=\"lazy\" title=\"A HIST\u00d3RIA DO CL\u00c1SSICO DOS  MAIORAIS, TREZE E CAMPINENSE, MAIOR CL\u00c1SSICO DE CAMPINA GRANDE, PARA\u00cdBA.\" width=\"1500\" height=\"844\" src=\"https:\/\/www.youtube.com\/embed\/Htkz_rzq0yo?feature=oembed&autoplay=0&loop=0&controls=1&mute=0\" frameborder=\"0\" allow=\"accelerometer; autoplay; clipboard-write; encrypted-media; gyroscope; picture-in-picture\" allowfullscreen><\/iframe><\/div><\/script><div class='av-click-to-play-overlay'><div class=\"avia_playpause_icon\"><\/div><\/div><\/div>\n<\/div><\/div><\/div><div id=\"av-tab-section-1-2\" data-av-tab-section-content=\"2\" class=\"av-layout-tab av-animation-delay-container   avia-builder-el-16  el_after_av_tab_sub_section  el_before_av_tab_sub_section   \" style='vertical-align:top; '  data-tab-section-id=\"vdeo-2\"><div class='av-layout-tab-inner'><div class='container'><div  class='avia-video avia-video-16-9   av-lazyload-immediate  av-lazyload-video-embed  '   itemprop=\"video\" itemtype=\"https:\/\/schema.org\/VideoObject\"  data-original_url='https:\/\/www.youtube.com\/watch?v=u1pe5Jm-MWU&amp;ab_channel=jogosdotreze' ><script type='text\/html' class='av-video-tmpl'><div class='avia-iframe-wrap'><iframe loading=\"lazy\" title=\"Reportagem sobre a hist\u00f3ria do Treze\" width=\"1333\" height=\"1000\" src=\"https:\/\/www.youtube.com\/embed\/u1pe5Jm-MWU?feature=oembed&autoplay=0&loop=0&controls=1&mute=0\" frameborder=\"0\" allow=\"accelerometer; autoplay; clipboard-write; encrypted-media; gyroscope; picture-in-picture\" allowfullscreen><\/iframe><\/div><\/script><div class='av-click-to-play-overlay'><div class=\"avia_playpause_icon\"><\/div><\/div><\/div>\n<\/div><\/div><\/div><div id=\"av-tab-section-1-3\" data-av-tab-section-content=\"3\" class=\"av-layout-tab av-animation-delay-container   avia-builder-el-18  el_after_av_tab_sub_section  avia-builder-el-last   \" style='vertical-align:top; '  data-tab-section-id=\"vdeo-3\"><div class='av-layout-tab-inner'><div class='container'><div  class='avia-video avia-video-16-9   av-lazyload-immediate  av-lazyload-video-embed  '   itemprop=\"video\" itemtype=\"https:\/\/schema.org\/VideoObject\"  data-original_url='https:\/\/www.youtube.com\/watch?v=Z20qxutrIXI&amp;ab_channel=HISTORIASDEBOLEIROSOFICIAL' ><script type='text\/html' class='av-video-tmpl'><div class='avia-iframe-wrap'><iframe loading=\"lazy\" title=\"Campinense - A Hist\u00f3ria\" width=\"1500\" height=\"844\" src=\"https:\/\/www.youtube.com\/embed\/Z20qxutrIXI?feature=oembed&autoplay=0&loop=0&controls=1&mute=0\" frameborder=\"0\" allow=\"accelerometer; autoplay; clipboard-write; encrypted-media; gyroscope; picture-in-picture\" allowfullscreen><\/iframe><\/div><\/script><div class='av-click-to-play-overlay'><div class=\"avia_playpause_icon\"><\/div><\/div><\/div>\n<\/div><\/div><\/div><\/div><\/div><\/div><div id='after_submenu'  class='main_color av_default_container_wrap container_wrap sidebar_right' style=' '  ><div class='container' ><div class='template-page content  av-content-small alpha units'><div class='post-entry post-entry-type-page post-entry-1286'><div class='entry-content-wrapper clearfix'><div  style='height:60px' class='hr hr-invisible   avia-builder-el-20  el_after_av_tab_section  el_before_av_section  avia-builder-el-no-sibling '><span class='hr-inner ' ><span class='hr-inner-style'><\/span><\/span><\/div><\/p>\n<\/div><\/div><\/div><!-- close content main div --><\/div><\/div><div id='av_section_2'  class='avia-section main_color avia-section-no-padding avia-no-border-styling  avia-bg-style-scroll  avia-builder-el-21  el_after_av_hr  avia-builder-el-last   container_wrap sidebar_right' style='background-repeat: no-repeat; background-image: url(https:\/\/observa.campinagrande.br\/wp-content\/uploads\/2021\/03\/topbg.png);background-attachment: scroll; background-position: bottom center;  '  data-section-bg-repeat='no-repeat'><div class='container' ><div class='template-page content  av-content-small alpha units'><div class='post-entry post-entry-type-page post-entry-1286'><div class='entry-content-wrapper clearfix'>\n<div class=\"flex_column av_two_fifth  flex_column_div av-zero-column-padding first  avia-builder-el-22  el_before_av_one_fourth  avia-builder-el-first  \" style='border-radius:0px; '><div  class='avia-image-container  av-styling-    avia-builder-el-23  avia-builder-el-no-sibling  avia-align-center '  itemprop=\"image\" itemscope=\"itemscope\" itemtype=\"https:\/\/schema.org\/ImageObject\"  ><div class='avia-image-container-inner'><div class='avia-image-overlay-wrap'><img decoding=\"async\" class='wp-image-91 avia-img-lazy-loading-not-91 avia_image' src=\"https:\/\/observa.campinagrande.br\/wp-content\/uploads\/2021\/03\/logos_bottom.png\" alt='' title='logos_bottom' height=\"125\" width=\"755\"  itemprop=\"thumbnailUrl\" srcset=\"https:\/\/observa.campinagrande.br\/wp-content\/uploads\/2021\/03\/logos_bottom.png 755w, https:\/\/observa.campinagrande.br\/wp-content\/uploads\/2021\/03\/logos_bottom-300x50.png 300w, https:\/\/observa.campinagrande.br\/wp-content\/uploads\/2021\/03\/logos_bottom-705x117.png 705w\" sizes=\"(max-width: 755px) 100vw, 755px\" \/><\/div><\/div><\/div><\/div><div class=\"flex_column av_one_fourth  flex_column_div av-zero-column-padding   avia-builder-el-24  el_after_av_two_fifth  el_before_av_one_fourth  \" style='border-radius:0px; '><section class=\"av_textblock_section \"  itemscope=\"itemscope\" itemtype=\"https:\/\/schema.org\/CreativeWork\" ><div class='avia_textblock  '   itemprop=\"text\" ><p style=\"text-align: left;\">Copyright 2023 \u00a9<br \/>\nObservat\u00f3rio de Campina Grande<\/p>\n<\/div><\/section><\/div><div class=\"flex_column av_one_fourth  flex_column_div av-zero-column-padding   avia-builder-el-26  el_after_av_one_fourth  el_before_av_hr  \" style='border-radius:0px; '><div  class='av-social-sharing-box  avia-builder-el-27  avia-builder-el-no-sibling  '><div class='av-share-box'><ul class='av-share-box-list noLightbox'><li class='av-share-link av-social-link-facebook' ><a target=\"_blank\" aria-label=\"Share on Facebook\" href='https:\/\/www.facebook.com\/sharer.php?u=https:\/\/observa.campinagrande.br\/index.php\/campina-5\/&#038;t=Campina%20V' aria-hidden='false' data-av_icon='\ue8f3' data-av_iconfont='entypo-fontello' title='' data-avia-related-tooltip='Share on Facebook' rel=\"noopener\"><span class='avia_hidden_link_text'>Share on Facebook<\/span><\/a><\/li><li class='av-share-link av-social-link-twitter' ><a target=\"_blank\" aria-label=\"Share on Twitter\" href='https:\/\/twitter.com\/share?text=Campina%20V&#038;url=https:\/\/observa.campinagrande.br\/?p=1286' aria-hidden='false' data-av_icon='\ue8f1' data-av_iconfont='entypo-fontello' title='' data-avia-related-tooltip='Share on Twitter' rel=\"noopener\"><span class='avia_hidden_link_text'>Share on Twitter<\/span><\/a><\/li><li class='av-share-link av-social-link-whatsapp' ><a target=\"_blank\" aria-label=\"Share on WhatsApp\" href='https:\/\/api.whatsapp.com\/send?text=https:\/\/observa.campinagrande.br\/index.php\/campina-5\/' aria-hidden='false' data-av_icon='\uf232' data-av_iconfont='entypo-fontello' title='' data-avia-related-tooltip='Share on WhatsApp' rel=\"noopener\"><span class='avia_hidden_link_text'>Share on WhatsApp<\/span><\/a><\/li><li class='av-share-link av-social-link-mail' ><a  aria-label=\"Share by Mail\" href='mailto:?subject=Campina%20V&#038;body=https:\/\/observa.campinagrande.br\/index.php\/campina-5\/' aria-hidden='false' data-av_icon='\ue805' data-av_iconfont='entypo-fontello' title='' data-avia-related-tooltip='Share by Mail'><span class='avia_hidden_link_text'>Share by Mail<\/span><\/a><\/li><\/ul><\/div><\/div><\/div><div  style='height:15px' class='hr hr-invisible   avia-builder-el-28  el_after_av_one_fourth  avia-builder-el-last '><span class='hr-inner ' ><span class='hr-inner-style'><\/span><\/span><\/div>\n<\/div><\/div><\/div><!-- close content main div --><\/div><\/div><div id='after_section_2'  class='main_color av_default_container_wrap container_wrap sidebar_right' style=' '  ><div class='container' ><div class='template-page content  av-content-small alpha units'><div class='post-entry post-entry-type-page post-entry-1286'><div class='entry-content-wrapper clearfix'>\n","protected":false},"excerpt":{"rendered":"","protected":false},"author":1,"featured_media":0,"parent":0,"menu_order":0,"comment_status":"closed","ping_status":"closed","template":"","meta":{"footnotes":""},"class_list":["post-1286","page","type-page","status-publish","hentry"],"_links":{"self":[{"href":"https:\/\/observa.campinagrande.br\/index.php\/wp-json\/wp\/v2\/pages\/1286","targetHints":{"allow":["GET"]}}],"collection":[{"href":"https:\/\/observa.campinagrande.br\/index.php\/wp-json\/wp\/v2\/pages"}],"about":[{"href":"https:\/\/observa.campinagrande.br\/index.php\/wp-json\/wp\/v2\/types\/page"}],"author":[{"embeddable":true,"href":"https:\/\/observa.campinagrande.br\/index.php\/wp-json\/wp\/v2\/users\/1"}],"replies":[{"embeddable":true,"href":"https:\/\/observa.campinagrande.br\/index.php\/wp-json\/wp\/v2\/comments?post=1286"}],"version-history":[{"count":2,"href":"https:\/\/observa.campinagrande.br\/index.php\/wp-json\/wp\/v2\/pages\/1286\/revisions"}],"predecessor-version":[{"id":1323,"href":"https:\/\/observa.campinagrande.br\/index.php\/wp-json\/wp\/v2\/pages\/1286\/revisions\/1323"}],"wp:attachment":[{"href":"https:\/\/observa.campinagrande.br\/index.php\/wp-json\/wp\/v2\/media?parent=1286"}],"curies":[{"name":"wp","href":"https:\/\/api.w.org\/{rel}","templated":true}]}}