{"id":1245,"date":"2022-12-21T12:13:18","date_gmt":"2022-12-21T15:13:18","guid":{"rendered":"http:\/\/observa.campinagrande.br\/?page_id=1245"},"modified":"2022-12-21T12:18:11","modified_gmt":"2022-12-21T15:18:11","slug":"campina-1","status":"publish","type":"page","link":"https:\/\/observa.campinagrande.br\/index.php\/campina-1\/","title":{"rendered":"Campina I"},"content":{"rendered":"<div id='av_section_1'  class='avia-section main_color avia-section-default avia-no-border-styling  av-section-color-overlay-active avia-bg-style-scroll  avia-builder-el-0  el_before_av_one_half  avia-builder-el-first   av-minimum-height av-minimum-height-custom  av-section-with-video-bg container_wrap sidebar_right' style=' '   data-section-video-ratio='16:9'><div   data-size='featured'  data-lightbox_size='large'  data-animation='slide'  data-conditional_play=''  data-ids=''  data-video_counter='1'  data-autoplay='false'  data-bg_slider='false'  data-slide_height=''  data-handle=''  data-interval='5'  data-class=' av-section-video-bg'  data-el_id=''  data-css_id=''  data-scroll_down=''  data-control_layout=''  data-custom_markup=''  data-perma_caption=''  data-autoplay_stopper=''  data-image_attachment=''  data-min_height='0px'  data-lazy_loading='disabled'  data-default-height='28.6666666667'  class='avia-slideshow avia-slideshow-1  av-default-height-applied avia-slideshow-featured   av-section-video-bg avia-slide-slider '  itemprop=\"image\" itemscope=\"itemscope\" itemtype=\"https:\/\/schema.org\/ImageObject\" ><ul class='avia-slideshow-inner ' style='padding-bottom: 28.6666666667%;' ><li  data-controls='disabled' data-mute='aviaTBaviaTBvideo_mute' data-loop='1' data-disable-autoplay=''  data-video-ratio='3.48837209302' class=' av-video-slide  av-video-service-vimeo  av-hide-video-controls av-mute-video av-loop-video av-single-slide slide-1 ' ><div data-rel='slideshow-1' class='avia-slide-wrap '   ><div class='av-click-overlay'><\/div><div class='mejs-mediaelement'><div data-src='\/\/player.vimeo.com\/video\/579461520?portrait=0&#038;byline=0&#038;title=0&#038;badge=0&#038;loop=1&#038;autopause=0&#038;api=1&#038;rel=0&#038;player_id=player_1245_195099962_1159515923&#038;color=719430' data-original_url='https:\/\/vimeo.com\/579461520' height='1600' width='900' class='av_vimeo_frame' id='player_1245_195099962_1159515923'><\/div><\/div><div class='av-click-to-play-overlay'><div class=\"avia_playpause_icon\"><\/div><\/div><\/div><\/li><\/ul><\/div><div class='av-section-color-overlay-wrap'><div class='av-section-color-overlay' style='opacity: 0.5; background-color: #000000; '><\/div><div class='container' style='height:250px'><main  role=\"main\" itemprop=\"mainContentOfPage\"  class='template-page content  av-content-small alpha units'><div class='post-entry post-entry-type-page post-entry-1245'><div class='entry-content-wrapper clearfix'>\n<div class=\"flex_column av_one_full  flex_column_div av-zero-column-padding first  avia-builder-el-1  el_before_av_two_third  avia-builder-el-first  \" style='border-radius:0px; '><p><div   class='hr hr-default   avia-builder-el-2  el_before_av_heading  avia-builder-el-first '><span class='hr-inner ' ><span class='hr-inner-style'><\/span><\/span><\/div><br \/>\n<div  style='padding-bottom:10px; color:#ffffff;' class='av-special-heading av-special-heading-h2 custom-color-heading blockquote modern-quote  avia-builder-el-3  el_after_av_hr  avia-builder-el-last  '><h2 class='av-special-heading-tag '  itemprop=\"headline\"  >Campina I<\/h2><div class='special-heading-border'><div class='special-heading-inner-border' style='border-color:#ffffff'><\/div><\/div><\/div><\/p><\/div><div class=\"flex_column av_two_third  flex_column_div av-zero-column-padding first  avia-builder-el-4  el_after_av_one_full  avia-builder-el-last  column-top-margin\" style='border-radius:0px; '><\/div><\/div><\/div><\/main><!-- close content main element --><\/div><\/div><\/div><div id='after_section_1'  class='main_color av_default_container_wrap container_wrap sidebar_right' style=' '  ><div class='container' ><div class='template-page content  av-content-small alpha units'><div class='post-entry post-entry-type-page post-entry-1245'><div class='entry-content-wrapper clearfix'><div class=\"flex_column av_one_half  flex_column_div av-zero-column-padding first  avia-builder-el-5  el_after_av_section  el_before_av_one_half  avia-builder-el-first  \" style='border-radius:0px; '><section class=\"av_textblock_section \"  itemscope=\"itemscope\" itemtype=\"https:\/\/schema.org\/CreativeWork\" ><div class='avia_textblock  av_inherit_color '  style='color:#83a846; '  itemprop=\"text\" ><h2><strong>Sejam bem vindo a hist\u00f3ria da Rainha da Borborema!<\/strong><\/h2>\n<h2><\/h2>\n<\/div><\/section><br \/>\n<div   data-size='magazine'  data-lightbox_size='large'  data-animation='slide'  data-conditional_play=''  data-ids='1248,1249'  data-video_counter='0'  data-autoplay='true'  data-bg_slider='false'  data-slide_height=''  data-handle='av_slideshow'  data-interval='5'  data-class=' avia-builder-el-7  el_after_av_textblock  avia-builder-el-last  '  data-el_id=''  data-css_id=''  data-scroll_down=''  data-control_layout='av-control-minimal'  data-custom_markup=''  data-perma_caption=''  data-autoplay_stopper=''  data-image_attachment=''  data-min_height='0px'  data-lazy_loading='disabled'  data-default-height='52.8169014085'  class='avia-slideshow avia-slideshow-2  av-control-minimal av-default-height-applied avia-slideshow-magazine av_slideshow  avia-builder-el-7  el_after_av_textblock  avia-builder-el-last   avia-slide-slider '  itemprop=\"image\" itemscope=\"itemscope\" itemtype=\"https:\/\/schema.org\/ImageObject\" ><ul class='avia-slideshow-inner ' style='padding-bottom: 58.59375%;' ><li  class=' slide-1 ' ><div data-rel='slideshow-2' class='avia-slide-wrap '   ><div class=\"avia-caption av-slideshow-caption\"><div class=\"avia-inner-caption\"><div class='avia-caption-content  '  itemprop=\"description\"  ><p>A\u00e7ude Velho na d\u00e9cada de 1960<\/p>\n<\/div><\/div><\/div><img decoding=\"async\" class=\"wp-image-1248 avia-img-lazy-loading-not-1248\"  src=\"https:\/\/observa.campinagrande.br\/wp-content\/uploads\/2022\/12\/acude1-640x375.jpg\" width=\"640\" height=\"375\" title='acude1' alt=''  itemprop=\"thumbnailUrl\"   \/><\/div><\/li><li  class=' slide-2 ' ><div data-rel='slideshow-2' class='avia-slide-wrap '   ><div class=\"avia-caption av-slideshow-caption\"><div class=\"avia-inner-caption\"><div class='avia-caption-content  '  itemprop=\"description\"  ><p>Rua Lino Gomes, a esquerda, A\u00e7ude Novo, atual Parque Evaldo Cruz (ano indefinido)<\/p>\n<\/div><\/div><\/div><img decoding=\"async\" class=\"wp-image-1249 avia-img-lazy-loading-not-1249\"  src=\"https:\/\/observa.campinagrande.br\/wp-content\/uploads\/2022\/12\/acude2-640x375.jpg\" width=\"640\" height=\"375\" title='acude2' alt=''  itemprop=\"thumbnailUrl\"   \/><\/div><\/li><\/ul><div class='avia-slideshow-arrows avia-slideshow-controls'><a href='#prev' class='prev-slide' aria-hidden='true' data-av_icon='\ue87c' data-av_iconfont='entypo-fontello'>Anterior<\/a><a href='#next' class='next-slide' aria-hidden='true' data-av_icon='\ue87d' data-av_iconfont='entypo-fontello'>Pr\u00f3ximo<\/a><\/div><div class='avia-slideshow-dots avia-slideshow-controls'><a href='#1' class='goto-slide active' >1<\/a><a href='#2' class='goto-slide ' >2<\/a><\/div><\/div><\/p><\/div><div class=\"flex_column av_one_half  flex_column_div av-zero-column-padding   avia-builder-el-8  el_after_av_one_half  el_before_av_one_full  \" style='border-radius:0px; '><section class=\"av_textblock_section \"  itemscope=\"itemscope\" itemtype=\"https:\/\/schema.org\/CreativeWork\" ><div class='avia_textblock  av_inherit_color '  style='color:#83a846; '  itemprop=\"text\" ><h2><strong> \u201cRecordar hoje \u00e9 meu tema\u201d!<\/strong><\/h2>\n<\/div><\/section><br \/>\n<section class=\"av_textblock_section \"  itemscope=\"itemscope\" itemtype=\"https:\/\/schema.org\/CreativeWork\" ><div class='avia_textblock  '   itemprop=\"text\" ><p style=\"text-align: justify;\">De uma pequena aldeia do agreste paraibano at\u00e9 se tornar a grande Rainha da Borborema, Campina Grande passou por diversas aventuras, casos e personagens que marcaram a identidade do seu povo, sua geopol\u00edtica e o paisagismo. Rica em patrim\u00f4nio material e imaterial, Campina vivencia marcas do passado que prevalecem at\u00e9 a contemporaneidade, bem como mem\u00f3rias que ser\u00e3o, atrav\u00e9s desse marco, imortalizada para a contempla\u00e7\u00e3o de campinenses, pesquisadores e estrangeiros.<\/p>\n<p style=\"text-align: left;\">A hist\u00f3ria da Capital do Trabalho e da Paz pode ser dividida cronologicamente em m\u00faltiplas partes, tendo cada uma delas, peculiaridades que podem se estender infinitamente em micro hist\u00f3rias, causos, lendas, curiosidades e diversos outros aspectos que ser\u00e3o inseridas gradativamente nesse memorial.<\/p>\n<p style=\"text-align: left;\">De um passado pr\u00e9-hist\u00f3rico, composto pelos seus quatro s\u00edtios arqueol\u00f3gicos, passando pela aldeia dos Cariri, Ari\u00fa, funda\u00e7\u00e3o da povoa\u00e7\u00e3o por Teod\u00f3sio de Oliveira Ledo, eleva\u00e7\u00e3o a Vila Nova da Rainha, eleva\u00e7\u00e3o a cidade, o trem e o ouro branco, a reforma urbana de Vergniaud Wanderley, a cria\u00e7\u00e3o do Maior S\u00e3o Jo\u00e3o do Mundo, at\u00e9 a \u201cCidade dos Doutores\u201d e \u201cCidade Criativa da Unesco\u201d, muita hist\u00f3ria foi vivenciada e poder\u00e1 ser revisitada nesse espa\u00e7o.<\/p>\n<p style=\"text-align: left;\">Cada p\u00f3rtico seguinte se deter\u00e1 a um recorte da hist\u00f3ria de Campina Grande, e por conta de sua efervesc\u00eancia, assim como a cidade \u00e9 viva, esse memorial tamb\u00e9m \u00e9, e ser\u00e1 atualizado com antigas e novas hist\u00f3rias que forem produzidas por seus habitantes.<\/p>\n<\/div><\/section><\/p><\/div><div class=\"flex_column av_one_full  flex_column_div av-zero-column-padding first  avia-builder-el-11  el_after_av_one_half  el_before_av_tab_section  avia-builder-el-last  column-top-margin\" style='border-radius:0px; '><section class=\"av_textblock_section \"  itemscope=\"itemscope\" itemtype=\"https:\/\/schema.org\/CreativeWork\" ><div class='avia_textblock  '   itemprop=\"text\" ><h2 style=\"text-align: center;\"><span style=\"color: #808000;\"><span style=\"font-size: 18.6667px;\">HIST\u00d3RIA EM V\u00cdDEOS<\/span><\/span><\/h2>\n<\/div><\/section><\/div><\/div><\/div><\/div><!-- close content main div --><\/div><\/div><div id='av-tab-section-1'  class='av-tab-section-container entry-content-wrapper main_color av-tab-slide-transition av-tab-content-auto  av-tab-above-content  avia-builder-el-13  el_after_av_one_full  el_before_av_hr  submenu-not-first container_wrap sidebar_right' style=' '  ><div class='av-tab-section-outer-container'><div class='av-tab-section-tab-title-container avia-tab-title-padding-default '  role='tablist'><a href='#vdeo-1' data-av-tab-section-title='1' class='av-section-tab-title av-active-tab-title no-scroll av-tab-no-icon av-tab-no-image  ' role='tab' tabindex='0' aria-controls='av-tab-section-1-1'><span class='av-outer-tab-title'><span class='av-inner-tab-title'>V\u00eddeo 1<\/span><\/span><span class='av-tab-arrow-container'><span><\/span><\/span><\/a><a href='#vdeo-2' data-av-tab-section-title='2' class='av-section-tab-title  av-tab-no-icon av-tab-no-image  ' role='tab' tabindex='0' aria-controls='av-tab-section-1-2'><span class='av-outer-tab-title'><span class='av-inner-tab-title'>V\u00eddeo 2<\/span><\/span><span class='av-tab-arrow-container'><span><\/span><\/span><\/a><a href='#vdeo-3' data-av-tab-section-title='3' class='av-section-tab-title  av-tab-no-icon av-tab-no-image  ' role='tab' tabindex='0' aria-controls='av-tab-section-1-3'><span class='av-outer-tab-title'><span class='av-inner-tab-title'>V\u00eddeo 3<\/span><\/span><span class='av-tab-arrow-container'><span><\/span><\/span><\/a><a href='#vdeo-4' data-av-tab-section-title='4' class='av-section-tab-title  av-tab-no-icon av-tab-no-image  ' role='tab' tabindex='0' aria-controls='av-tab-section-1-4'><span class='av-outer-tab-title'><span class='av-inner-tab-title'>V\u00eddeo 4<\/span><\/span><span class='av-tab-arrow-container'><span><\/span><\/span><\/a><\/div><div class='av-tab-section-inner-container avia-section-default' style='width:400vw; left:0%;'><span class='av_prev_tab_section av_tab_navigation'><\/span><span class='av_next_tab_section av_tab_navigation'><\/span>\n<div id=\"av-tab-section-1-1\" data-av-tab-section-content=\"1\" class=\"av-layout-tab av-animation-delay-container av-active-tab-content __av_init_open  avia-builder-el-14  el_before_av_tab_sub_section  avia-builder-el-first   \" style='vertical-align:top; '  data-tab-section-id=\"vdeo-1\"><div class='av-layout-tab-inner'><div class='container'><div  class='avia-video avia-video-16-9   av-lazyload-immediate  av-lazyload-video-embed  '   itemprop=\"video\" itemtype=\"https:\/\/schema.org\/VideoObject\"  data-original_url='https:\/\/www.youtube.com\/watch?v=2SHDzrF5SQA&amp;ab_channel=ProgramaDiversidade' ><script type='text\/html' class='av-video-tmpl'><div class='avia-iframe-wrap'><iframe loading=\"lazy\" title=\"Quadro Mem\u00f3ria - S\u00edmbolos oficiais de Campina Grande\" width=\"1500\" height=\"844\" src=\"https:\/\/www.youtube.com\/embed\/2SHDzrF5SQA?feature=oembed&autoplay=0&loop=0&controls=1&mute=0\" frameborder=\"0\" allow=\"accelerometer; autoplay; clipboard-write; encrypted-media; gyroscope; picture-in-picture\" allowfullscreen><\/iframe><\/div><\/script><div class='av-click-to-play-overlay'><div class=\"avia_playpause_icon\"><\/div><\/div><\/div>\n<\/div><\/div><\/div><div id=\"av-tab-section-1-2\" data-av-tab-section-content=\"2\" class=\"av-layout-tab av-animation-delay-container   avia-builder-el-16  el_after_av_tab_sub_section  el_before_av_tab_sub_section   \" style='vertical-align:top; '  data-tab-section-id=\"vdeo-2\"><div class='av-layout-tab-inner'><div class='container'><div  class='avia-video avia-video-16-9   av-lazyload-immediate  av-lazyload-video-embed  '   itemprop=\"video\" itemtype=\"https:\/\/schema.org\/VideoObject\"  data-original_url='https:\/\/www.youtube.com\/watch?v=Zz3Cg_S2ONA&amp;ab_channel=ProgramaDiversidade' ><script type='text\/html' class='av-video-tmpl'><div class='avia-iframe-wrap'><iframe loading=\"lazy\" title=\"Mem\u00f3ria Rodovi\u00e1ria Velha\" width=\"1333\" height=\"1000\" src=\"https:\/\/www.youtube.com\/embed\/Zz3Cg_S2ONA?feature=oembed&autoplay=0&loop=0&controls=1&mute=0\" frameborder=\"0\" allow=\"accelerometer; autoplay; clipboard-write; encrypted-media; gyroscope; picture-in-picture\" allowfullscreen><\/iframe><\/div><\/script><div class='av-click-to-play-overlay'><div class=\"avia_playpause_icon\"><\/div><\/div><\/div>\n<\/div><\/div><\/div><div id=\"av-tab-section-1-3\" data-av-tab-section-content=\"3\" class=\"av-layout-tab av-animation-delay-container   avia-builder-el-18  el_after_av_tab_sub_section  el_before_av_tab_sub_section   \" style='vertical-align:top; '  data-tab-section-id=\"vdeo-3\"><div class='av-layout-tab-inner'><div class='container'><div  class='avia-video avia-video-16-9   av-lazyload-immediate  av-lazyload-video-embed  '   itemprop=\"video\" itemtype=\"https:\/\/schema.org\/VideoObject\"  data-original_url='https:\/\/www.youtube.com\/watch?v=i0UVSiYJnnA&amp;ab_channel=ProgramaDiversidade' ><script type='text\/html' class='av-video-tmpl'><div class='avia-iframe-wrap'><iframe loading=\"lazy\" title=\"Mem\u00f3ria A\u00e7ude Velho\" width=\"1333\" height=\"1000\" src=\"https:\/\/www.youtube.com\/embed\/i0UVSiYJnnA?feature=oembed&autoplay=0&loop=0&controls=1&mute=0\" frameborder=\"0\" allow=\"accelerometer; autoplay; clipboard-write; encrypted-media; gyroscope; picture-in-picture\" allowfullscreen><\/iframe><\/div><\/script><div class='av-click-to-play-overlay'><div class=\"avia_playpause_icon\"><\/div><\/div><\/div>\n<\/div><\/div><\/div><div id=\"av-tab-section-1-4\" data-av-tab-section-content=\"4\" class=\"av-layout-tab av-animation-delay-container   avia-builder-el-20  el_after_av_tab_sub_section  avia-builder-el-last   \" style='vertical-align:top; '  data-tab-section-id=\"vdeo-4\"><div class='av-layout-tab-inner'><div class='container'><div  class='avia-video avia-video-4-3   av-lazyload-immediate  av-lazyload-video-embed  '   itemprop=\"video\" itemtype=\"https:\/\/schema.org\/VideoObject\"  data-original_url='https:\/\/www.youtube.com\/watch?v=zbulP7l7RWM&amp;ab_channel=RetalhosHist%C3%B3ricosdeCampinaGrande' ><script type='text\/html' class='av-video-tmpl'><div class='avia-iframe-wrap'><iframe loading=\"lazy\" title=\"Hist\u00f3ria de Campina Grande\" width=\"1333\" height=\"1000\" src=\"https:\/\/www.youtube.com\/embed\/zbulP7l7RWM?feature=oembed&autoplay=0&loop=0&controls=1&mute=0\" frameborder=\"0\" allow=\"accelerometer; autoplay; clipboard-write; encrypted-media; gyroscope; picture-in-picture\" allowfullscreen><\/iframe><\/div><\/script><div class='av-click-to-play-overlay'><div class=\"avia_playpause_icon\"><\/div><\/div><\/div>\n<\/div><\/div><\/div><\/div><\/div><\/div><div id='after_submenu'  class='main_color av_default_container_wrap container_wrap sidebar_right' style=' '  ><div class='container' ><div class='template-page content  av-content-small alpha units'><div class='post-entry post-entry-type-page post-entry-1245'><div class='entry-content-wrapper clearfix'><div  style='height:60px' class='hr hr-invisible   avia-builder-el-22  el_after_av_tab_section  el_before_av_section  avia-builder-el-no-sibling '><span class='hr-inner ' ><span class='hr-inner-style'><\/span><\/span><\/div><\/p>\n<\/div><\/div><\/div><!-- close content main div --><\/div><\/div><div id='av_section_2'  class='avia-section main_color avia-section-no-padding avia-no-border-styling  avia-bg-style-scroll  avia-builder-el-23  el_after_av_hr  avia-builder-el-last   container_wrap sidebar_right' style='background-repeat: no-repeat; background-image: url(https:\/\/observa.campinagrande.br\/wp-content\/uploads\/2021\/03\/topbg.png);background-attachment: scroll; background-position: bottom center;  '  data-section-bg-repeat='no-repeat'><div class='container' ><div class='template-page content  av-content-small alpha units'><div class='post-entry post-entry-type-page post-entry-1245'><div class='entry-content-wrapper clearfix'>\n<div class=\"flex_column av_two_fifth  flex_column_div av-zero-column-padding first  avia-builder-el-24  el_before_av_one_fourth  avia-builder-el-first  \" style='border-radius:0px; '><div  class='avia-image-container  av-styling-    avia-builder-el-25  avia-builder-el-no-sibling  avia-align-center '  itemprop=\"image\" itemscope=\"itemscope\" itemtype=\"https:\/\/schema.org\/ImageObject\"  ><div class='avia-image-container-inner'><div class='avia-image-overlay-wrap'><img decoding=\"async\" class='wp-image-91 avia-img-lazy-loading-not-91 avia_image' src=\"https:\/\/observa.campinagrande.br\/wp-content\/uploads\/2021\/03\/logos_bottom.png\" alt='' title='logos_bottom' height=\"125\" width=\"755\"  itemprop=\"thumbnailUrl\" srcset=\"https:\/\/observa.campinagrande.br\/wp-content\/uploads\/2021\/03\/logos_bottom.png 755w, https:\/\/observa.campinagrande.br\/wp-content\/uploads\/2021\/03\/logos_bottom-300x50.png 300w, https:\/\/observa.campinagrande.br\/wp-content\/uploads\/2021\/03\/logos_bottom-705x117.png 705w\" sizes=\"(max-width: 755px) 100vw, 755px\" \/><\/div><\/div><\/div><\/div><div class=\"flex_column av_one_fourth  flex_column_div av-zero-column-padding   avia-builder-el-26  el_after_av_two_fifth  el_before_av_one_fourth  \" style='border-radius:0px; '><section class=\"av_textblock_section \"  itemscope=\"itemscope\" itemtype=\"https:\/\/schema.org\/CreativeWork\" ><div class='avia_textblock  '   itemprop=\"text\" ><p style=\"text-align: left;\">Copyright 2023 \u00a9<br \/>\nObservat\u00f3rio de Campina Grande<\/p>\n<\/div><\/section><\/div><div class=\"flex_column av_one_fourth  flex_column_div av-zero-column-padding   avia-builder-el-28  el_after_av_one_fourth  el_before_av_hr  \" style='border-radius:0px; '><div  class='av-social-sharing-box  avia-builder-el-29  avia-builder-el-no-sibling  '><div class='av-share-box'><ul class='av-share-box-list noLightbox'><li class='av-share-link av-social-link-facebook' ><a target=\"_blank\" aria-label=\"Share on Facebook\" href='https:\/\/www.facebook.com\/sharer.php?u=https:\/\/observa.campinagrande.br\/index.php\/campina-1\/&#038;t=Campina%20I' aria-hidden='false' data-av_icon='\ue8f3' data-av_iconfont='entypo-fontello' title='' data-avia-related-tooltip='Share on Facebook' rel=\"noopener\"><span class='avia_hidden_link_text'>Share on Facebook<\/span><\/a><\/li><li class='av-share-link av-social-link-twitter' ><a target=\"_blank\" aria-label=\"Share on Twitter\" href='https:\/\/twitter.com\/share?text=Campina%20I&#038;url=https:\/\/observa.campinagrande.br\/?p=1245' aria-hidden='false' data-av_icon='\ue8f1' data-av_iconfont='entypo-fontello' title='' data-avia-related-tooltip='Share on Twitter' rel=\"noopener\"><span class='avia_hidden_link_text'>Share on Twitter<\/span><\/a><\/li><li class='av-share-link av-social-link-whatsapp' ><a target=\"_blank\" aria-label=\"Share on WhatsApp\" href='https:\/\/api.whatsapp.com\/send?text=https:\/\/observa.campinagrande.br\/index.php\/campina-1\/' aria-hidden='false' data-av_icon='\uf232' data-av_iconfont='entypo-fontello' title='' data-avia-related-tooltip='Share on WhatsApp' rel=\"noopener\"><span class='avia_hidden_link_text'>Share on WhatsApp<\/span><\/a><\/li><li class='av-share-link av-social-link-mail' ><a  aria-label=\"Share by Mail\" href='mailto:?subject=Campina%20I&#038;body=https:\/\/observa.campinagrande.br\/index.php\/campina-1\/' aria-hidden='false' data-av_icon='\ue805' data-av_iconfont='entypo-fontello' title='' data-avia-related-tooltip='Share by Mail'><span class='avia_hidden_link_text'>Share by Mail<\/span><\/a><\/li><\/ul><\/div><\/div><\/div><div  style='height:15px' class='hr hr-invisible   avia-builder-el-30  el_after_av_one_fourth  avia-builder-el-last '><span class='hr-inner ' ><span class='hr-inner-style'><\/span><\/span><\/div>\n<\/div><\/div><\/div><!-- close content main div --><\/div><\/div><div id='after_section_2'  class='main_color av_default_container_wrap container_wrap sidebar_right' style=' '  ><div class='container' ><div class='template-page content  av-content-small alpha units'><div class='post-entry post-entry-type-page post-entry-1245'><div class='entry-content-wrapper clearfix'>\n","protected":false},"excerpt":{"rendered":"","protected":false},"author":1,"featured_media":0,"parent":0,"menu_order":0,"comment_status":"closed","ping_status":"closed","template":"","meta":{"footnotes":""},"class_list":["post-1245","page","type-page","status-publish","hentry"],"_links":{"self":[{"href":"https:\/\/observa.campinagrande.br\/index.php\/wp-json\/wp\/v2\/pages\/1245","targetHints":{"allow":["GET"]}}],"collection":[{"href":"https:\/\/observa.campinagrande.br\/index.php\/wp-json\/wp\/v2\/pages"}],"about":[{"href":"https:\/\/observa.campinagrande.br\/index.php\/wp-json\/wp\/v2\/types\/page"}],"author":[{"embeddable":true,"href":"https:\/\/observa.campinagrande.br\/index.php\/wp-json\/wp\/v2\/users\/1"}],"replies":[{"embeddable":true,"href":"https:\/\/observa.campinagrande.br\/index.php\/wp-json\/wp\/v2\/comments?post=1245"}],"version-history":[{"count":21,"href":"https:\/\/observa.campinagrande.br\/index.php\/wp-json\/wp\/v2\/pages\/1245\/revisions"}],"predecessor-version":[{"id":1268,"href":"https:\/\/observa.campinagrande.br\/index.php\/wp-json\/wp\/v2\/pages\/1245\/revisions\/1268"}],"wp:attachment":[{"href":"https:\/\/observa.campinagrande.br\/index.php\/wp-json\/wp\/v2\/media?parent=1245"}],"curies":[{"name":"wp","href":"https:\/\/api.w.org\/{rel}","templated":true}]}}